{"id":39392,"date":"2022-02-17T15:58:19","date_gmt":"2022-02-17T14:58:19","guid":{"rendered":"https:\/\/wordpress-763711-2606952.cloudwaysapps.com\/?page_id=39392"},"modified":"2022-10-13T17:17:03","modified_gmt":"2022-10-13T15:17:03","slug":"mipim-2022-dettagli","status":"publish","type":"page","link":"https:\/\/www.investinitalyrealestate.com\/it\/mipim-2022-dettagli\/","title":{"rendered":"Mipim 2022 &#8211; Dettagli"},"content":{"rendered":"<p style=\"text-align: center;\"><a href=\"https:\/\/www.investinitalyrealestate.com\/mipim-2022\/\"><img loading=\"lazy\" class=\"alignnone size-full wp-image-39911\" src=\"https:\/\/www.investinitalyrealestate.com\/wp-content\/uploads\/2022\/03\/mipim-2022.png\" alt=\"\" width=\"210\" height=\"150\" \/><\/a><\/p>\n<h3><b>IL PROGETTO<\/b><\/h3>\n<p style=\"text-align: justify;\">Torna a Cannes, dal 15 al 18 marzo 2022 , presso il Palais des Festivals, una nuova edizione del \u201cMIPIM\u201d \u2013 March\u00e9 international des professionnels de l\u2019immobilier, l\u2019appuntamento pi\u00f9 importante a livello internazionale per il settore real estate pubblico e privato.<\/p>\n<h3><b>DETTAGLI<\/b><\/h3>\n<p>Dopo le difficolt\u00e0 legate al Covid 19, che ha costretto gli organizzatori a rimandare l\u2019evento del 2020 ed a riprogrammarlo successivamente in una versione ibrida a settembre 2021, l\u2019iniziativa torna nella sua forma tradizionale, in presenza e ricca di eventi; Ice Agenzia parteciper\u00e0 quindi nuovamente in presenza al MIPIM con una numerosa collettiva italiana. Si d\u00e0 in questo modo continuit\u00e0 ad una partecipazione imprescindibile, che ormai da diversi anni caratterizza il piano promozionale pubblico dedicato al settore immobiliare.<\/p>\n<p style=\"text-align: justify;\">Nel quadro del programma Invest in Italy, realizzato in collaborazione con Invitalia, l\u2019Ufficio Promozione Investimenti, unitamente all\u2019Ufficio Ice di Parigi e all\u2019FDI Desk Francia, l&#8217;unit\u00e0 di Ice Agenzia che promuove sul mercato francese le opportunit\u00e0 d\u2019investimento in Italia, curer\u00e0 la partecipazione collettiva dei seguenti Enti e Regioni italiane che hanno aderito all\u2019iniziativa: Agenzia Lavoro e SviluppoImpresa &#8211; Regione Autonoma Friuli Venezia Giulia; Comune di Genova; Regione Lombardia; Regione Liguria \u2013 Liguria International; Regione Toscana \u2013 Invest in Tuscany; Invimit SGR SpA; FS Sistemi Urbani; Confindustria Assoimmobiliare; Agenzia del Demanio ed ANCE &#8211; Associazione Nazionale Costruttori Edili.<br \/>\nL\u2019evento coinvolger\u00e0 in partnership anche Invest in Emilia Romagna e Cei Piemonte.<\/p>\n<p style=\"text-align: justify;\">Territori, Agenzie nazionali e Associazioni si presentano quindi in forze per promuovere opportunit\u00e0 e progetti.<\/p>\n<p style=\"text-align: justify;\">Ice Agenzia metter\u00e0 a disposizione uno spazio collettivo che, allestito con postazioni individuali, ospiter\u00e0 i partecipanti offrendo punti di incontro nel rispetto del distanziamento sociale e permetter\u00e0 loro di presentare il portafoglio d\u2019offerta, fruibile nel padiglione nei giorni di fiera anche attraverso presentazioni su video durante tutta la durata dell\u2019Evento.<\/p>\n<p style=\"text-align: justify;\">Presso il Padiglione sar\u00e0 presente l\u2019FDI Desk di Parigi, che svolger\u00e0 azioni di scouting preliminarmente allo svolgimento della Fiera e collaborer\u00e0 con i partecipanti facilitando l\u2019incontro con i potenziali investitori.<\/p>\n<p style=\"text-align: justify;\">Sempre con l\u2019obiettivo di promuovere l\u2019offerta italiana, nel corso della manifestazione si terranno nel Padiglione nazionale numerosi seminari e presentazioni e il giorno 16 marzo si terr\u00e0 la giornata d\u2019Italia<\/p>\n<p style=\"text-align: justify;\">Vi invitiamo a visitare il Padiglione italiano e le pagine dedicate al MIPIM 2022 che trovate su questo sito <a href=\"https:\/\/www.investinitalyrealestate.com\/it\/mipim-2022\/\">www.investinitalyrealestate.com\/mipim-2022\/<\/a>, all\u2019interno del quale potrete visionare il catalogo digitale dei progetti di punta dell\u2019offerta italiana selezionati per il MIPIM e anche tutta l\u2019offerta real estate.<\/p>\n","protected":false},"excerpt":{"rendered":"<p>IL PROGETTO Torna a Cannes, dal 15 al 18 marzo 2022 , presso il Palais des Festivals, una nuova edizione del \u201cMIPIM\u201d \u2013 March\u00e9 international des professionnels de l\u2019immobilier, l\u2019appuntamento pi\u00f9 importante a livello internazionale per il settore real estate pubblico e privato. DETTAGLI Dopo le difficolt\u00e0 legate al Covid 19, che ha costretto gli [&hellip;]<\/p>\n","protected":false},"author":1,"featured_media":0,"parent":0,"menu_order":0,"comment_status":"closed","ping_status":"closed","template":"tpl-dettagli-progetto.php","meta":[],"acf":[],"yoast_head":"<!-- This site is optimized with the Yoast SEO plugin v19.0 - https:\/\/yoast.com\/wordpress\/plugins\/seo\/ -->\n<title>Mipim 2022 - Dettagli - ICE - Italian Trade Agency<\/title>\n<meta name=\"robots\" content=\"index, follow, max-snippet:-1, max-image-preview:large, max-video-preview:-1\" \/>\n<link rel=\"canonical\" href=\"https:\/\/www.investinitalyrealestate.com\/it\/mipim-2022-dettagli\/\" \/>\n<meta property=\"og:locale\" content=\"it_IT\" \/>\n<meta property=\"og:type\" content=\"article\" \/>\n<meta property=\"og:title\" content=\"Mipim 2022 - Dettagli - ICE - Italian Trade Agency\" \/>\n<meta property=\"og:description\" content=\"IL PROGETTO Torna a Cannes, dal 15 al 18 marzo 2022 , presso il Palais des Festivals, una nuova edizione del \u201cMIPIM\u201d \u2013 March\u00e9 international des professionnels de l\u2019immobilier, l\u2019appuntamento pi\u00f9 importante a livello internazionale per il settore real estate pubblico e privato. DETTAGLI Dopo le difficolt\u00e0 legate al Covid 19, che ha costretto gli [&hellip;]\" \/>\n<meta property=\"og:url\" content=\"https:\/\/www.investinitalyrealestate.com\/it\/mipim-2022-dettagli\/\" \/>\n<meta property=\"og:site_name\" content=\"ICE - Italian Trade Agency\" \/>\n<meta property=\"article:modified_time\" content=\"2022-10-13T15:17:03+00:00\" \/>\n<meta property=\"og:image\" content=\"https:\/\/www.investinitalyrealestate.com\/wp-content\/uploads\/2022\/03\/mipim-2022.png\" \/>\n<meta name=\"twitter:card\" content=\"summary\" \/>\n<meta name=\"twitter:label1\" content=\"Tempo di lettura stimato\" \/>\n\t<meta name=\"twitter:data1\" content=\"2 minuti\" \/>\n<script type=\"application\/ld+json\" class=\"yoast-schema-graph\">{\"@context\":\"https:\/\/schema.org\",\"@graph\":[{\"@type\":\"WebSite\",\"@id\":\"http:\/\/www.investinitalyrealestate.com\/en\/#website\",\"url\":\"http:\/\/www.investinitalyrealestate.com\/en\/\",\"name\":\"ICE - Italian Trade Agency\",\"description\":\"Piattaforma per la vendita degli immobili pubblici Italiani\",\"potentialAction\":[{\"@type\":\"SearchAction\",\"target\":{\"@type\":\"EntryPoint\",\"urlTemplate\":\"http:\/\/www.investinitalyrealestate.com\/en\/?s={search_term_string}\"},\"query-input\":\"required name=search_term_string\"}],\"inLanguage\":\"it-IT\"},{\"@type\":\"ImageObject\",\"inLanguage\":\"it-IT\",\"@id\":\"https:\/\/www.investinitalyrealestate.com\/it\/mipim-2022-dettagli\/#primaryimage\",\"url\":\"https:\/\/www.investinitalyrealestate.com\/wp-content\/uploads\/2022\/03\/mipim-2022.png\",\"contentUrl\":\"https:\/\/www.investinitalyrealestate.com\/wp-content\/uploads\/2022\/03\/mipim-2022.png\"},{\"@type\":\"WebPage\",\"@id\":\"https:\/\/www.investinitalyrealestate.com\/it\/mipim-2022-dettagli\/#webpage\",\"url\":\"https:\/\/www.investinitalyrealestate.com\/it\/mipim-2022-dettagli\/\",\"name\":\"Mipim 2022 - Dettagli - ICE - Italian Trade Agency\",\"isPartOf\":{\"@id\":\"http:\/\/www.investinitalyrealestate.com\/en\/#website\"},\"primaryImageOfPage\":{\"@id\":\"https:\/\/www.investinitalyrealestate.com\/it\/mipim-2022-dettagli\/#primaryimage\"},\"datePublished\":\"2022-02-17T14:58:19+00:00\",\"dateModified\":\"2022-10-13T15:17:03+00:00\",\"breadcrumb\":{\"@id\":\"https:\/\/www.investinitalyrealestate.com\/it\/mipim-2022-dettagli\/#breadcrumb\"},\"inLanguage\":\"it-IT\",\"potentialAction\":[{\"@type\":\"ReadAction\",\"target\":[\"https:\/\/www.investinitalyrealestate.com\/it\/mipim-2022-dettagli\/\"]}]},{\"@type\":\"BreadcrumbList\",\"@id\":\"https:\/\/www.investinitalyrealestate.com\/it\/mipim-2022-dettagli\/#breadcrumb\",\"itemListElement\":[{\"@type\":\"ListItem\",\"position\":1,\"name\":\"Home\",\"item\":\"https:\/\/www.investinitalyrealestate.com\/it\/\"},{\"@type\":\"ListItem\",\"position\":2,\"name\":\"Mipim 2022 &#8211; Dettagli\"}]}]}<\/script>\n<!-- \/ Yoast SEO plugin. -->","yoast_head_json":{"title":"Mipim 2022 - Dettagli - ICE - Italian Trade Agency","robots":{"index":"index","follow":"follow","max-snippet":"max-snippet:-1","max-image-preview":"max-image-preview:large","max-video-preview":"max-video-preview:-1"},"canonical":"https:\/\/www.investinitalyrealestate.com\/it\/mipim-2022-dettagli\/","og_locale":"it_IT","og_type":"article","og_title":"Mipim 2022 - Dettagli - ICE - Italian Trade Agency","og_description":"IL PROGETTO Torna a Cannes, dal 15 al 18 marzo 2022 , presso il Palais des Festivals, una nuova edizione del \u201cMIPIM\u201d \u2013 March\u00e9 international des professionnels de l\u2019immobilier, l\u2019appuntamento pi\u00f9 importante a livello internazionale per il settore real estate pubblico e privato. DETTAGLI Dopo le difficolt\u00e0 legate al Covid 19, che ha costretto gli [&hellip;]","og_url":"https:\/\/www.investinitalyrealestate.com\/it\/mipim-2022-dettagli\/","og_site_name":"ICE - Italian Trade Agency","article_modified_time":"2022-10-13T15:17:03+00:00","og_image":[{"url":"https:\/\/www.investinitalyrealestate.com\/wp-content\/uploads\/2022\/03\/mipim-2022.png"}],"twitter_card":"summary","twitter_misc":{"Tempo di lettura stimato":"2 minuti"},"schema":{"@context":"https:\/\/schema.org","@graph":[{"@type":"WebSite","@id":"http:\/\/www.investinitalyrealestate.com\/en\/#website","url":"http:\/\/www.investinitalyrealestate.com\/en\/","name":"ICE - Italian Trade Agency","description":"Piattaforma per la vendita degli immobili pubblici Italiani","potentialAction":[{"@type":"SearchAction","target":{"@type":"EntryPoint","urlTemplate":"http:\/\/www.investinitalyrealestate.com\/en\/?s={search_term_string}"},"query-input":"required name=search_term_string"}],"inLanguage":"it-IT"},{"@type":"ImageObject","inLanguage":"it-IT","@id":"https:\/\/www.investinitalyrealestate.com\/it\/mipim-2022-dettagli\/#primaryimage","url":"https:\/\/www.investinitalyrealestate.com\/wp-content\/uploads\/2022\/03\/mipim-2022.png","contentUrl":"https:\/\/www.investinitalyrealestate.com\/wp-content\/uploads\/2022\/03\/mipim-2022.png"},{"@type":"WebPage","@id":"https:\/\/www.investinitalyrealestate.com\/it\/mipim-2022-dettagli\/#webpage","url":"https:\/\/www.investinitalyrealestate.com\/it\/mipim-2022-dettagli\/","name":"Mipim 2022 - Dettagli - ICE - Italian Trade Agency","isPartOf":{"@id":"http:\/\/www.investinitalyrealestate.com\/en\/#website"},"primaryImageOfPage":{"@id":"https:\/\/www.investinitalyrealestate.com\/it\/mipim-2022-dettagli\/#primaryimage"},"datePublished":"2022-02-17T14:58:19+00:00","dateModified":"2022-10-13T15:17:03+00:00","breadcrumb":{"@id":"https:\/\/www.investinitalyrealestate.com\/it\/mipim-2022-dettagli\/#breadcrumb"},"inLanguage":"it-IT","potentialAction":[{"@type":"ReadAction","target":["https:\/\/www.investinitalyrealestate.com\/it\/mipim-2022-dettagli\/"]}]},{"@type":"BreadcrumbList","@id":"https:\/\/www.investinitalyrealestate.com\/it\/mipim-2022-dettagli\/#breadcrumb","itemListElement":[{"@type":"ListItem","position":1,"name":"Home","item":"https:\/\/www.investinitalyrealestate.com\/it\/"},{"@type":"ListItem","position":2,"name":"Mipim 2022 &#8211; Dettagli"}]}]}},"wpml_current_locale":"it_IT","wpml_translations":[],"_links":{"self":[{"href":"https:\/\/www.investinitalyrealestate.com\/it\/wp-json\/wp\/v2\/pages\/39392"}],"collection":[{"href":"https:\/\/www.investinitalyrealestate.com\/it\/wp-json\/wp\/v2\/pages"}],"about":[{"href":"https:\/\/www.investinitalyrealestate.com\/it\/wp-json\/wp\/v2\/types\/page"}],"author":[{"embeddable":true,"href":"https:\/\/www.investinitalyrealestate.com\/it\/wp-json\/wp\/v2\/users\/1"}],"replies":[{"embeddable":true,"href":"https:\/\/www.investinitalyrealestate.com\/it\/wp-json\/wp\/v2\/comments?post=39392"}],"version-history":[{"count":13,"href":"https:\/\/www.investinitalyrealestate.com\/it\/wp-json\/wp\/v2\/pages\/39392\/revisions"}],"predecessor-version":[{"id":42432,"href":"https:\/\/www.investinitalyrealestate.com\/it\/wp-json\/wp\/v2\/pages\/39392\/revisions\/42432"}],"wp:attachment":[{"href":"https:\/\/www.investinitalyrealestate.com\/it\/wp-json\/wp\/v2\/media?parent=39392"}],"curies":[{"name":"wp","href":"https:\/\/api.w.org\/{rel}","templated":true}]}}