{"id":39405,"date":"2022-02-17T18:13:32","date_gmt":"2022-02-17T17:13:32","guid":{"rendered":"https:\/\/wordpress-763711-2606952.cloudwaysapps.com\/?page_id=39405"},"modified":"2022-08-12T11:14:02","modified_gmt":"2022-08-12T09:14:02","slug":"inail-xxviii-bando-integrale","status":"publish","type":"page","link":"https:\/\/www.investinitalyrealestate.com\/it\/inail-xxviii-bando-integrale\/","title":{"rendered":"INAIL XXVIII BANDO INTEGRALE DI ASTA PUBBLICA"},"content":{"rendered":"<p style=\"text-align: center;\"><img loading=\"lazy\" class=\"alignnone size-full wp-image-39684\" src=\"https:\/\/www.investinitalyrealestate.com\/wp-content\/uploads\/2022\/03\/bandoinail.png\" alt=\"\" width=\"498\" height=\"123\" srcset=\"https:\/\/www.investinitalyrealestate.com\/wp-content\/uploads\/2022\/03\/bandoinail.png 498w, https:\/\/www.investinitalyrealestate.com\/wp-content\/uploads\/2022\/03\/bandoinail-300x74.png 300w\" sizes=\"(max-width: 498px) 100vw, 498px\" \/><\/p>\n<h2 style=\"text-align: center; margin-bottom: 50px;\">XXVIII BANDO INTEGRALE DI ASTA PUBBLICA UNITA\u2019 IMMOBILIARI COMMERCIALI DI PROPRIETA\u2019 DELL\u2019I.N.A.I.L.<\/h2>\n<p>Le Aste si svolgeranno il 5 ottobre 2022 con modalit\u00e0 telematica attraverso la Rete Aste Notarili del Consiglio Nazionale del Notariato.<\/p>\n<p><strong>L\u2019I.N.A.I.L<\/strong>. \u2013 Istituto Nazionale per l\u2019Assicurazione contro gli Infortuni sul Lavoro offre all\u2019asta la propriet\u00e0 di unit\u00e0 immobiliari commerciali libere, locate o occupate facenti parte del programma di dismissione degli immobili ai sensi:<\/p>\n<ul>\n<li>dell\u2019articolo 6 del decreto legislativo numero 104 del 16 febbraio 1996 (\u201cD.lgs. 104\/1996\u201d), e del d.l. 28 marzo 1997 n. 79 convertito con modificazioni dalla legge 140 del 28 maggio 1997 (\u201cla Legge 140\/1997\u201d), e successive modificazioni ed integrazioni;<\/li>\n<li>dell\u2019articolo 43 bis del decreto legge numero 207 del 30 dicembre 2008, come modificato dalla legge numero 14 del 27 febbraio 2009 (\u201cLegge 14\/2009\u201d);<\/li>\n<li>dell\u2019articolo 3 del decreto legge n. 351 del 25 settembre 2001, come convertito dalla legge n. 410 del 23 novembre 2001 (\u201cLegge 410\/2001\u201d);<\/li>\n<li>del decreto interministeriale del Ministero dell\u2019Economia e delle Finanze del 21 novembre 2002, pubblicato sulla Gazzetta Ufficiale n. 281 del 30 novembre 2002 (\u201cDecreto Modalit\u00e0 di Vendita SCIP2\u201d), relativo alle modalit\u00e0 di vendita del patrimonio immobiliare trasferito alla SCIP S.r.l. con il decreto interministeriale del Ministero dell\u2019Economia e delle Finanze del 21 novembre 2002, pubblicato nel Supplemento Ordinario numero 219 alla Gazzetta Ufficiale numero 279 del 28 novembre 2002, denominato SCIP2, (\u201cDecreto Trasferimento SCIP2\u201d), come richiamato dall\u2019articolo 43 bis comma 12 secondo periodo del decreto legge n. 207 del 30 dicembre 2008, convertito con modificazioni dalla legge n. 14 del 27 Febbraio 2009;<\/li>\n<li>della delibera del Consiglio di Amministrazione n. 4 del 28 aprile 2020 con la quale \u00e8 stato attuato il programma di dismissione 2020 dell\u2019Istituto;<\/li>\n<li>della convenzione con il Consiglio Nazionale del Notariato del 20\/07\/2020 per la gestione delle procedure d\u2019asta e la vendita degli immobili con l\u2019utilizzo di una procedura telematica via Web;<\/li>\n<li>del piano triennale degli investimenti 2020-2024, approvato con delibera del C.d.A. n. 405 del 14 dicembre 2021, che prevede anche le somme derivanti da eventuali operazioni di disinvestimento da realizzare nel triennio considerato per le operazioni di dismissione;<\/li>\n<li>del regolamento per gli investimenti e disinvestimenti immobiliari assunto dal Presidente dell\u2019Istituto n. 27 del 20\/01\/2016;<\/li>\n<li>del vigente Disciplinare d\u2019Asta.<\/li>\n<\/ul>\n<p>Le Aste sono effettuate per singoli <strong>Lotti<\/strong>, ognuno costituito da una o pi\u00f9 unit\u00e0 comprensive di eventuali pertinenze e accessori. Il presente <strong>Bando Integrale<\/strong> unitamente all\u2019<strong>Elenco Lotti<\/strong>, completo di documentazione (planimetrie, foto, ecc.), l\u2019<strong>elenco dei Notai<\/strong> presso i quali \u00e8 possibile depositare le offerte e il presente <strong>Bando Integrale<\/strong>, nonch\u00e9 il <strong>Disciplinare d\u2019Asta<\/strong> e i suoi Allegati (fac-simile Modelli di partecipazione), che regolano le modalit\u00e0 di partecipazione e di svolgimento dell\u2019Asta e le modalit\u00e0 per effettuare eventuali sopralluoghi agli immobili, sono disponibili sui siti internet del Consiglio Nazionale del Notariato (<strong><em><a href=\"http:\/\/www.notariato.it\/\">www.notariato.it<\/a><\/em><\/strong> e <strong><em><a href=\"http:\/\/www.avvisinotarili.notariato.it\/\">www.avvisinotarili.notariato.it<\/a><\/em><\/strong>), sul sito internet dell\u2019I.N.A.I.L. (<strong><em><a href=\"http:\/\/www.inail.itp\/\">www.inail.it<\/a><\/em><\/strong>), presso i Notai Banditori oppure presso le Direzioni Regionali dell\u2019I.N.A.I.L.<\/p>\n<p>Le informazioni relative ai lotti potranno essere aggiornate o rettificate mediante apposita pubblicazione sui citati siti web, restando onere di ciascun offerente prendere visione di tali eventuali aggiornamenti prima della presentazione di ciascuna offerta. Gli immobili verranno posti in vendita a corpo, nello stato di fatto, di diritto, di manutenzione e di consistenza in cui si trovano, con ogni pertinenza di propriet\u00e0, impianti esistenti, servit\u00f9 attive e passive ove esistenti.<\/p>\n<p><strong>INAIL fa divieto di replicare con qualunque mezzo le pubblicazioni di tali bandi o dei singoli lotti che li compongono o diffondere la relativa documentazione per scopi commerciali, non riconoscendo le attivit\u00e0 di intermediazione di soggetti terzi, e riservandosi di agire presso gli organi competenti in caso di violazione di tale divieto.<\/strong><\/p>\n<p>&nbsp;<\/p>\n<p><strong><u>Tipologia di Asta<\/u><\/strong><\/p>\n<p><strong>L\u2019Asta con incanto<\/strong>, consiste nella presentazione di offerte segrete, cartacee, digitali o cartacee digitalizzate, innanzi al Notaio Banditore o al Notaio Periferico, Notaio Abilitato alla Rete Aste Notarili il cui elenco \u00e8 consultabile sui siti del notariato <a href=\"http:\/\/www.notariato.it\/ran\">www.notariato.it<\/a>\/ran e <a href=\"http:\/\/www.avvisinotarili.notariato.it\">www.avvisinotarili.notariato.it<\/a>, Il Notaio Banditore dell\u2019Asta provveder\u00e0 in caso di un\u2019unica offerta segreta valida, all\u2019aggiudicazione del Lotto a favore dell\u2019unico soggetto offerente; nel\u00a0 caso in cui risultino presentate pi\u00f9 offerte segrete valide provveder\u00e0 a tenere l\u2019asta e dare corso all\u2019incanto tra gli offerenti che abbiano presentato le\u00a0 tre\u00a0 offerte segrete di importo pi\u00f9 elevato (compresi tutti gli eventuali ex aequo, da intendersi sia per l\u2019offerta pi\u00f9 alta che per la seconda e la terza), ed all\u2019aggiudicazione del lotto a favore del soggetto che al termine dell\u2019espletamento dell\u2019incanto stesso, risulter\u00e0 aver presentato la valida offerta Palese in aumento di valore pi\u00f9 elevato.<\/p>\n<p>L\u2019incanto si terr\u00e0 in sessioni della durata di 3 minuti entro cui ciascun Offerente potr\u00e0 prenotarsi e presentare un\u2019Offerta Palese in aumento rispetto al prezzo base d\u2019Incanto e per le successive sessioni in aumento rispetto alla valida Offerta di importo pi\u00f9 elevato con rilancio minimo pari ad \u20ac 10.000,00 (euro diecimila) per gli immobili con prezzo a base d\u2019asta inferiore ad \u20ac 16.250.000,00 e con rialzo minimo di \u20ac 50.000,00 (euro cinquantamila) per il complesso immobiliare di Castelnuovo di Porto con prezzo a base d\u2019asta pari ad \u20ac 16.250.000,00. Il Notaio Banditore proceder\u00e0 a confermare la validit\u00e0 di ciascuna Offerta Palese in aumento e ad avviare una nuova sessione.<\/p>\n<p>In assenza di ulteriori valide Offerte Palesi in aumento, allo scadere della sessione d\u2019Incanto (3 minuti), il Notaio Banditore procede ad aggiudicare il Lotto a favore del miglior Offerente ed indica quale prezzo di aggiudicazione l\u2019importo dell\u2019ultima valida Offerta Palese in aumento di valore pi\u00f9 elevato.<\/p>\n<p>Sia in assenza degli offerenti ammessi all&#8217;Incanto che in caso di inerzia o di rifiuto degli stessi di presentare valide Offerte Palesi in aumento rispetto alle valide Offerte gi\u00e0 presentate, si provveder\u00e0 all&#8217;aggiudicazione in favore del soggetto che ha presentato l&#8217;offerta pi\u00f9 alta o, in caso di ex aequo, in base alla priorit\u00e0 temporale di registrazione dell&#8217;Offerta o in subordine mediante estrazione a sorte.<\/p>\n<p>Nel caso in cui non siano pervenute Offerte Segrete valide il Notaio provveder\u00e0 a terminare la procedura dichiarando l\u2019Asta non aggiudicata (Asta Deserta).<\/p>\n<p>&nbsp;<\/p>\n<p><strong><u>Cauzione:<\/u><\/strong> i partecipanti dovranno, a pena di esclusione, costituire a garanzia dell\u2019Offerta, una cauzione per un importo almeno pari all\u2019importo indicato nell\u2019Elenco Lotti. La cauzione dovr\u00e0 essere costituita, a pena di esclusione, mediante assegno circolare emesso da istituto bancario intestato a I.N.A.I.L., da depositare presso il Notaio Banditore o Periferico, presso il quale viene depositata l\u2019Offerta.<\/p>\n<p>&nbsp;<\/p>\n<p><strong><u>Ulteriore cauzione:<\/u><\/strong> l\u2019Aggiudicatario, definitivo, dovr\u00e0 entro il termine essenziale di quindici giorni dalla Data dell\u2019Aggiudicazione, costituire a favore dell\u2019I.N.A.I.L., a pena di decadenza dall\u2019aggiudicazione e di incameramento della cauzione prestata, un\u2019ulteriore cauzione di importo pari al 10% del prezzo di aggiudicazione di ciascun lotto, di cui sia risultato aggiudicatario. L\u2019ulteriore cauzione deve essere costituita, a pena di esclusione, mediante assegno circolare emesso da istituto bancario intestato a I.N.A.I.L., da depositare presso il Notaio Banditore o Periferico di riferimento. \u00c8 onere dell\u2019Aggiudicatario essere presente all\u2019Asta o informarsi sul risultato dell\u2019Asta per rispettare tale termine.<\/p>\n<p>&nbsp;<\/p>\n<p><strong><u>Contratto di compravendita:<\/u><\/strong> il contratto di compravendita potr\u00e0 essere stipulato presso il Notaio Banditore ovvero presso il Notaio Periferico dove \u00e8 stata depositata l\u2019offerta, contestualmente all\u2019integrale corresponsione del prezzo, detratti gli importi eventualmente imputati a conto prezzo delle cauzioni prestate, entro il termine essenziale, nell\u2019interesse dell\u2019I.N.A.I.L., di 90 giorni decorrenti dalla data dell\u2019aggiudicazione pena, in caso di inadempimento, il definitivo incameramento di entrambe le cauzioni.<\/p>\n<p>&nbsp;<\/p>\n<p><strong><u>Onorari e spese:<\/u><\/strong> sono interamente a carico dell\u2019Aggiudicatario definitivo, secondo quanto definito al punto 8 del Disciplinare d\u2019Asta, unitamente all\u2019onorario del Notaio per la redazione del Verbale d\u2019asta, le spese e le imposte inerenti il Verbale d\u2019Asta quali, a titolo meramente esemplificativo, le spese per bolli, accessori, imposte, tasse ed oneri di qualsiasi genere. Gli onorari e le imposte suddette sono interamente a carico dell\u2019aggiudicatario. Sono altres\u00ec da corrispondersi al Notaio Banditore le spese sostenute, dallo stesso, per la gestione informatica della procedura d\u2019Asta, per ogni lotto aggiudicato. In relazione al fatto che il contratto di compravendita tra l\u2019I.N.A.I.L. e l\u2019Aggiudicatario potr\u00e0 essere stipulato dal Notaio (Banditore o Periferico) presso il quale ha presentato l\u2019Offerta il soggetto Aggiudicatario, ciascun offerente ha facolt\u00e0 di richiedere al momento della presentazione dell\u2019Offerta un preventivo di massima, ai sensi dell\u2019art. 9 del DL 1\/2012, convertito dalla legge n. 27 del 24 marzo 2012. I suddetti importi, dovranno essere versati entro 30 giorni dalla comunicazione di avvenuta aggiudicazione e le prove degli avvenuti versamenti dovranno essere fornite al Notaio incaricato dell\u2019atto di vendita nel giorno fissato per la stipula.<\/p>\n<p>&nbsp;<\/p>\n<p><strong><u>Facolt\u00e0 e riserve a favore dell\u2019Ente:<\/u><\/strong> l\u2019I.N.A.I.L. si riserva in ogni momento della procedura e fino alla stipula del contratto, per motivate ragioni, la facolt\u00e0 di modificare, sospendere e\/o non dare ulteriore corso agli atti della Procedura d\u2019Asta e all\u2019aggiudicazione senza che gli offerenti o l\u2019Aggiudicatario possano avanzare alcuna pretesa nei suoi confronti, fermo restando, in caso di annullamento delle Procedura d\u2019Asta o dell\u2019aggiudicazione, anche a seguito di esercizio del diritto di prelazione, l\u2019obbligo alla restituzione in favore degli offerenti o dell\u2019Aggiudicatario delle cauzioni versate, degli onorari e delle spese sostenute conformemente a quanto disposto dal Disciplinare d\u2019Asta. L\u2019Offerente non potr\u00e0 avanzare alcuna pretesa nei confronti dell\u2019I.N.A.I.L. per mancato guadagno e\/o per costi sostenuti per la presentazione dell\u2019Offerta.<\/p>\n<p>&nbsp;<\/p>\n<p><strong>Si precisa che l\u2019aggiudicazione dei lotti adeguatamente segnalati come locati\/occupati nell\u2019elenco lotti, \u00e8 da ritenersi provvisoria.<\/strong><\/p>\n<p><strong><u>Le offerte dovranno pervenire entro e non oltre in termini indicati nell\u2019Elenco lotti<\/u><\/strong><\/p>\n<p>Si ricorda che la procedura telematica consente sia il consueto deposito di un\u2019offerta cartacea in busta chiusa sia, in alternativa, il deposito dell\u2019offerta in formato digitale o cartacea digitalizzata con le modalit\u00e0 indicate dal vigente Disciplinare d\u2019Asta e che per la partecipazione all\u2019Asta il deposito dell\u2019offerta dovr\u00e0 avvenire, previo appuntamento, entro i termini indicati nell\u2019Elenco Lotti, presso il Notaio Banditore ovvero presso uno dei Notai Periferici il cui elenco ufficiale \u00e8 disponibile sui siti internet del Consiglio Nazionale del Notariato.<\/p>\n<p>&nbsp;<\/p>\n<p>Per ulteriori\u00a0 informazioni \u00a0\u00e8 possibile rivolgersi alla Direzioni Regionali INAIL competenti: Calabria, Campania, Emilia Romagna, Lazio, Umbria; per supporto alla procedura d\u2019asta al Consiglio Nazionale Notariato inviando una e-mail: <a href=\"mailto:dismissioni.cnn@notariato.it\">dismissioni.cnn@notariato.it<\/a><\/p>\n<p>&nbsp;<\/p>\n<p><strong>\u00a0<\/strong><\/p>\n","protected":false},"excerpt":{"rendered":"<p>XXVIII BANDO INTEGRALE DI ASTA PUBBLICA UNITA\u2019 IMMOBILIARI COMMERCIALI DI PROPRIETA\u2019 DELL\u2019I.N.A.I.L. Le Aste si svolgeranno il 5 ottobre 2022 con modalit\u00e0 telematica attraverso la Rete Aste Notarili del Consiglio Nazionale del Notariato. L\u2019I.N.A.I.L. \u2013 Istituto Nazionale per l\u2019Assicurazione contro gli Infortuni sul Lavoro offre all\u2019asta la propriet\u00e0 di unit\u00e0 immobiliari commerciali libere, locate o [&hellip;]<\/p>\n","protected":false},"author":1,"featured_media":0,"parent":0,"menu_order":0,"comment_status":"closed","ping_status":"closed","template":"tpl-dettagli-progetto.php","meta":[],"acf":[],"yoast_head":"<!-- This site is optimized with the Yoast SEO plugin v19.0 - https:\/\/yoast.com\/wordpress\/plugins\/seo\/ -->\n<title>INAIL XXVIII BANDO INTEGRALE DI ASTA PUBBLICA - ICE - Italian Trade Agency<\/title>\n<meta name=\"robots\" content=\"index, follow, max-snippet:-1, max-image-preview:large, max-video-preview:-1\" \/>\n<link rel=\"canonical\" href=\"https:\/\/www.investinitalyrealestate.com\/it\/inail-xxviii-bando-integrale\/\" \/>\n<meta property=\"og:locale\" content=\"it_IT\" \/>\n<meta property=\"og:type\" content=\"article\" \/>\n<meta property=\"og:title\" content=\"INAIL XXVIII BANDO INTEGRALE DI ASTA PUBBLICA - ICE - Italian Trade Agency\" \/>\n<meta property=\"og:description\" content=\"XXVIII BANDO INTEGRALE DI ASTA PUBBLICA UNITA\u2019 IMMOBILIARI COMMERCIALI DI PROPRIETA\u2019 DELL\u2019I.N.A.I.L. Le Aste si svolgeranno il 5 ottobre 2022 con modalit\u00e0 telematica attraverso la Rete Aste Notarili del Consiglio Nazionale del Notariato. L\u2019I.N.A.I.L. \u2013 Istituto Nazionale per l\u2019Assicurazione contro gli Infortuni sul Lavoro offre all\u2019asta la propriet\u00e0 di unit\u00e0 immobiliari commerciali libere, locate o [&hellip;]\" \/>\n<meta property=\"og:url\" content=\"https:\/\/www.investinitalyrealestate.com\/it\/inail-xxviii-bando-integrale\/\" \/>\n<meta property=\"og:site_name\" content=\"ICE - Italian Trade Agency\" \/>\n<meta property=\"article:modified_time\" content=\"2022-08-12T09:14:02+00:00\" \/>\n<meta property=\"og:image\" content=\"https:\/\/www.investinitalyrealestate.com\/wp-content\/uploads\/2022\/03\/bandoinail.png\" \/>\n<meta name=\"twitter:card\" content=\"summary\" \/>\n<meta name=\"twitter:label1\" content=\"Tempo di lettura stimato\" \/>\n\t<meta name=\"twitter:data1\" content=\"9 minuti\" \/>\n<script type=\"application\/ld+json\" class=\"yoast-schema-graph\">{\"@context\":\"https:\/\/schema.org\",\"@graph\":[{\"@type\":\"WebSite\",\"@id\":\"https:\/\/www.investinitalyrealestate.com\/it\/#website\",\"url\":\"https:\/\/www.investinitalyrealestate.com\/it\/\",\"name\":\"ICE - Italian Trade Agency\",\"description\":\"Piattaforma per la vendita degli immobili pubblici Italiani\",\"potentialAction\":[{\"@type\":\"SearchAction\",\"target\":{\"@type\":\"EntryPoint\",\"urlTemplate\":\"https:\/\/www.investinitalyrealestate.com\/it\/?s={search_term_string}\"},\"query-input\":\"required name=search_term_string\"}],\"inLanguage\":\"it-IT\"},{\"@type\":\"ImageObject\",\"inLanguage\":\"it-IT\",\"@id\":\"https:\/\/www.investinitalyrealestate.com\/it\/inail-xxviii-bando-integrale\/#primaryimage\",\"url\":\"https:\/\/www.investinitalyrealestate.com\/wp-content\/uploads\/2022\/03\/bandoinail.png\",\"contentUrl\":\"https:\/\/www.investinitalyrealestate.com\/wp-content\/uploads\/2022\/03\/bandoinail.png\",\"width\":498,\"height\":123},{\"@type\":\"WebPage\",\"@id\":\"https:\/\/www.investinitalyrealestate.com\/it\/inail-xxviii-bando-integrale\/#webpage\",\"url\":\"https:\/\/www.investinitalyrealestate.com\/it\/inail-xxviii-bando-integrale\/\",\"name\":\"INAIL XXVIII BANDO INTEGRALE DI ASTA PUBBLICA - ICE - Italian Trade Agency\",\"isPartOf\":{\"@id\":\"https:\/\/www.investinitalyrealestate.com\/it\/#website\"},\"primaryImageOfPage\":{\"@id\":\"https:\/\/www.investinitalyrealestate.com\/it\/inail-xxviii-bando-integrale\/#primaryimage\"},\"datePublished\":\"2022-02-17T17:13:32+00:00\",\"dateModified\":\"2022-08-12T09:14:02+00:00\",\"breadcrumb\":{\"@id\":\"https:\/\/www.investinitalyrealestate.com\/it\/inail-xxviii-bando-integrale\/#breadcrumb\"},\"inLanguage\":\"it-IT\",\"potentialAction\":[{\"@type\":\"ReadAction\",\"target\":[\"https:\/\/www.investinitalyrealestate.com\/it\/inail-xxviii-bando-integrale\/\"]}]},{\"@type\":\"BreadcrumbList\",\"@id\":\"https:\/\/www.investinitalyrealestate.com\/it\/inail-xxviii-bando-integrale\/#breadcrumb\",\"itemListElement\":[{\"@type\":\"ListItem\",\"position\":1,\"name\":\"Home\",\"item\":\"https:\/\/www.investinitalyrealestate.com\/it\/\"},{\"@type\":\"ListItem\",\"position\":2,\"name\":\"INAIL XXVIII BANDO INTEGRALE DI ASTA PUBBLICA\"}]}]}<\/script>\n<!-- \/ Yoast SEO plugin. -->","yoast_head_json":{"title":"INAIL XXVIII BANDO INTEGRALE DI ASTA PUBBLICA - ICE - Italian Trade Agency","robots":{"index":"index","follow":"follow","max-snippet":"max-snippet:-1","max-image-preview":"max-image-preview:large","max-video-preview":"max-video-preview:-1"},"canonical":"https:\/\/www.investinitalyrealestate.com\/it\/inail-xxviii-bando-integrale\/","og_locale":"it_IT","og_type":"article","og_title":"INAIL XXVIII BANDO INTEGRALE DI ASTA PUBBLICA - ICE - Italian Trade Agency","og_description":"XXVIII BANDO INTEGRALE DI ASTA PUBBLICA UNITA\u2019 IMMOBILIARI COMMERCIALI DI PROPRIETA\u2019 DELL\u2019I.N.A.I.L. Le Aste si svolgeranno il 5 ottobre 2022 con modalit\u00e0 telematica attraverso la Rete Aste Notarili del Consiglio Nazionale del Notariato. L\u2019I.N.A.I.L. \u2013 Istituto Nazionale per l\u2019Assicurazione contro gli Infortuni sul Lavoro offre all\u2019asta la propriet\u00e0 di unit\u00e0 immobiliari commerciali libere, locate o [&hellip;]","og_url":"https:\/\/www.investinitalyrealestate.com\/it\/inail-xxviii-bando-integrale\/","og_site_name":"ICE - Italian Trade Agency","article_modified_time":"2022-08-12T09:14:02+00:00","og_image":[{"url":"https:\/\/www.investinitalyrealestate.com\/wp-content\/uploads\/2022\/03\/bandoinail.png"}],"twitter_card":"summary","twitter_misc":{"Tempo di lettura stimato":"9 minuti"},"schema":{"@context":"https:\/\/schema.org","@graph":[{"@type":"WebSite","@id":"https:\/\/www.investinitalyrealestate.com\/it\/#website","url":"https:\/\/www.investinitalyrealestate.com\/it\/","name":"ICE - Italian Trade Agency","description":"Piattaforma per la vendita degli immobili pubblici Italiani","potentialAction":[{"@type":"SearchAction","target":{"@type":"EntryPoint","urlTemplate":"https:\/\/www.investinitalyrealestate.com\/it\/?s={search_term_string}"},"query-input":"required name=search_term_string"}],"inLanguage":"it-IT"},{"@type":"ImageObject","inLanguage":"it-IT","@id":"https:\/\/www.investinitalyrealestate.com\/it\/inail-xxviii-bando-integrale\/#primaryimage","url":"https:\/\/www.investinitalyrealestate.com\/wp-content\/uploads\/2022\/03\/bandoinail.png","contentUrl":"https:\/\/www.investinitalyrealestate.com\/wp-content\/uploads\/2022\/03\/bandoinail.png","width":498,"height":123},{"@type":"WebPage","@id":"https:\/\/www.investinitalyrealestate.com\/it\/inail-xxviii-bando-integrale\/#webpage","url":"https:\/\/www.investinitalyrealestate.com\/it\/inail-xxviii-bando-integrale\/","name":"INAIL XXVIII BANDO INTEGRALE DI ASTA PUBBLICA - ICE - Italian Trade Agency","isPartOf":{"@id":"https:\/\/www.investinitalyrealestate.com\/it\/#website"},"primaryImageOfPage":{"@id":"https:\/\/www.investinitalyrealestate.com\/it\/inail-xxviii-bando-integrale\/#primaryimage"},"datePublished":"2022-02-17T17:13:32+00:00","dateModified":"2022-08-12T09:14:02+00:00","breadcrumb":{"@id":"https:\/\/www.investinitalyrealestate.com\/it\/inail-xxviii-bando-integrale\/#breadcrumb"},"inLanguage":"it-IT","potentialAction":[{"@type":"ReadAction","target":["https:\/\/www.investinitalyrealestate.com\/it\/inail-xxviii-bando-integrale\/"]}]},{"@type":"BreadcrumbList","@id":"https:\/\/www.investinitalyrealestate.com\/it\/inail-xxviii-bando-integrale\/#breadcrumb","itemListElement":[{"@type":"ListItem","position":1,"name":"Home","item":"https:\/\/www.investinitalyrealestate.com\/it\/"},{"@type":"ListItem","position":2,"name":"INAIL XXVIII BANDO INTEGRALE DI ASTA PUBBLICA"}]}]}},"wpml_current_locale":"it_IT","wpml_translations":[],"_links":{"self":[{"href":"https:\/\/www.investinitalyrealestate.com\/it\/wp-json\/wp\/v2\/pages\/39405"}],"collection":[{"href":"https:\/\/www.investinitalyrealestate.com\/it\/wp-json\/wp\/v2\/pages"}],"about":[{"href":"https:\/\/www.investinitalyrealestate.com\/it\/wp-json\/wp\/v2\/types\/page"}],"author":[{"embeddable":true,"href":"https:\/\/www.investinitalyrealestate.com\/it\/wp-json\/wp\/v2\/users\/1"}],"replies":[{"embeddable":true,"href":"https:\/\/www.investinitalyrealestate.com\/it\/wp-json\/wp\/v2\/comments?post=39405"}],"version-history":[{"count":18,"href":"https:\/\/www.investinitalyrealestate.com\/it\/wp-json\/wp\/v2\/pages\/39405\/revisions"}],"predecessor-version":[{"id":42060,"href":"https:\/\/www.investinitalyrealestate.com\/it\/wp-json\/wp\/v2\/pages\/39405\/revisions\/42060"}],"wp:attachment":[{"href":"https:\/\/www.investinitalyrealestate.com\/it\/wp-json\/wp\/v2\/media?parent=39405"}],"curies":[{"name":"wp","href":"https:\/\/api.w.org\/{rel}","templated":true}]}}