{"id":40455,"date":"2022-04-20T22:05:43","date_gmt":"2022-04-20T20:05:43","guid":{"rendered":"https:\/\/wordpress-763711-2606952.cloudwaysapps.com\/?page_id=40455"},"modified":"2026-01-16T12:47:09","modified_gmt":"2026-01-16T11:47:09","slug":"cookie-policy","status":"publish","type":"page","link":"https:\/\/www.investinitalyrealestate.com\/it\/cookie-policy\/","title":{"rendered":"Cookie policy"},"content":{"rendered":"<h3 style=\"text-align: center;\"><strong>Cookie Policy del sito investinitalyrealestate.com<\/strong><\/h3>\n<p>&nbsp;<\/p>\n<p>Di seguito Vi informiamo in maniera trasparente circa l&#8217;operativit\u00e0 su questo sito web <a href=\"http:\/\/www.investinitalyrealestate.com\/\">www.investinitalyrealestate.com<\/a> (di seguito &#8220;Sito&#8221;) dei c.d. cookie.<\/p>\n<p><strong>Definizione di &#8220;cookie&#8221;<\/strong><\/p>\n<p>I cookie sono piccoli file di testo inviati dal Sito al terminale dell&#8217;interessato (solitamente al browser), dove vengono memorizzati per essere poi ritrasmessi al Sito alla successiva visita del medesimo utente. Un cookie non pu\u00f2 richiamare nessun altro dato dal disco fisso dell&#8217;utente n\u00e9 trasmettere virus informatici o acquisire indirizzi email. Ogni cookie \u00e8 unico per il web browser dell&#8217;utente. Alcune delle funzioni dei cookie possono essere demandate ad altre tecnologie. Con il termine &#8220;cookie&#8221; si vuol far riferimento ai cookie e a tutte le tecnologie similari.<\/p>\n<p>&nbsp;<\/p>\n<h3>Finalit\u00e0 del trattamento e scopi dei cookie tecnici di sessione<\/h3>\n<p>I cookie utilizzati sul Sito hanno la finalit\u00e0 di eseguire autenticazioni informatiche o il monitoraggio di sessioni e la memorizzazione di informazioni tecniche specifiche riguardanti gli utenti che accedono ai nostri server. In tale ottica, alcune operazioni sul Sito non potrebbero essere compiute senza l&#8217;uso dei cookie, che in tali casi sono quindi tecnicamente necessari. A titolo esemplificativo, l&#8217;accesso ad aree riservate del Sito e le attivit\u00e0 che possono essere ivi svolte sarebbero molto pi\u00f9 complesse da svolgere e meno sicure senza la presenza di cookie che consentono di identificare l&#8217;utente e mantenerne l&#8217;identificazione nell&#8217;ambito della sessione.<\/p>\n<p>Ai sensi dell&#8217;articolo 122, comma 1, del D.Lgs 30 giugno 2003 n.196 integrato con modifiche con D.Lgs 10 agosto 2018 n.101 i cookie &#8220;tecnici&#8221; possano essere utilizzati anche in assenza del consenso dell&#8217;interessato. Tra l&#8217;altro, lo stesso organismo europeo che riunisce tutte le Autorit\u00e0 Garanti per la privacy dei vari Stati Membri (il c.d. Gruppo &#8220;Articolo 29&#8221; ) ora EDPB ha chiarito nel Parere 4\/2012 (WP194) intitolato &#8220;Esenzione dal consenso per l&#8217;uso dei cookie&#8221; che sono cookie per i quali non \u00e8 necessario acquisire il consenso preventivo e informato dell&#8217;utente:<br \/>\n1) cookie con dati compilati dall&#8217;utente (identificativo di sessione), della durata di una sessione o cookie persistenti limitatamente ad alcune ore in taluni casi;<br \/>\n2) cookie per l&#8217;autenticazione, utilizzati ai fini dei servizi autenticati, della durata di una sessione;<br \/>\n3) cookie di sicurezza incentrati sugli utenti, utilizzati per individuare abusi di autenticazione, per una durata persistente limitata;<br \/>\n4) cookie di sessione per lettori multimediali della durata di una sessione;<br \/>\n5) cookie di sessione per il bilanciamento del carico, della durata di una sessione;<br \/>\n6) cookie persistenti per la personalizzazione dell&#8217;interfaccia utente, della durata di una sessione;<br \/>\n7) cookie per la condivisione dei contenuti mediante plug-in sociali di terzi, per membri di una rete sociale che hanno effettuato il login.<\/p>\n<p>ICE-Agenzia informa dunque in primo luogo che sul Sito sono operativi cookie tecnici necessari per navigare all&#8217;interno del Sito poich\u00e9 consentono funzioni essenziali quali autenticazione, validazione, gestione di una sessione di navigazione e prevenzione delle frodi.<\/p>\n<p>Per la massima trasparenza, si elencano di seguito una serie di cookie tecnici:<\/p>\n<ul>\n<li>i cookie impiantati nel terminale dell&#8217;utente\/contraente direttamente (che non saranno utilizzati per scopi ulteriori) come ad esempio cookie di autenticazione, cookie per contenuti multimediali tipo media player che non superano la durata della sessione, etc;<\/li>\n<li>i cookie utilizzati per analizzare statisticamente gli accessi\/le visite al sito (cookie cosiddetti &#8220;analytics&#8221;) che perseguono esclusivamente scopi statistici (e non anche di profilazione o di marketing) e raccolgono informazioni in forma aggregata senza possibilit\u00e0 di risalire alla identificazione del singolo utente. In questi casi, dal momento che la normativa vigente prescrive che per i cookie analytics sia fornita all&#8217;interessato l&#8217;indicazione chiara e adeguata delle modalit\u00e0 semplici per opporsi (opt-out) al loro impianto (compresi eventuali meccanismi di anonimizzazione dei cookie stessi) Si specifica che \u00e8 possibile modificare le impostazioni dei cookie.<\/li>\n<\/ul>\n<p>&nbsp;<\/p>\n<h3>Cookie di Terze Parti<\/h3>\n<p>Nel corso della navigazione sul Sito l&#8217;utente potrebbe ricevere sul suo terminale anche cookie di siti o di web server diversi (c.d. cookie di &#8220;terze parti&#8221;): ci\u00f2 accade perch\u00e9 sul Sito possono essere presenti elementi come, ad esempio, immagini, mappe, suoni, specifici link a pagine web di altri domini che risiedono su server diversi da quello sul quale si trova la pagina richiesta. In altre parole, detti cookie sono impostati direttamente da gestori di siti web o servers diversi dal Sito. Questi cookie possono essere inviati al browser dell&#8217;utente da societ\u00e0 terze direttamente dai loro siti web cui \u00e8 possibile accedere navigando dal Sito ICE-Agenzia. In tali casi, ICE-Agenzia \u00e8 estranea alla operativit\u00e0 di tali cookie, il cui invio rientra nella responsabilit\u00e0 di tali societ\u00e0 terze. Come infatti chiarito dal Garante per la privacy: &#8220;L&#8217;obbligo di informare l&#8217;utente sull&#8217;uso dei cookie e di acquisirne eventualmente il preventivo consenso incombe sul gestore del sito che li usa, in qualit\u00e0 di titolare del trattamento. Nel caso in cui un sito consenta la trasmissione anche di cookie di &#8220;terze parti&#8221;, l&#8217;informativa e l&#8217;acquisizione del consenso sono di norma a carico del terzo. \u00c8 necessario che l&#8217;utente venga adeguatamente informato, seppur con le modalit\u00e0 semplificate previste dalla legge, nel momento in cui accede al sito che consente la memorizzazione dei cookie terze parti, ovvero quando accede ai contenuti forniti dalle terze parti e, comunque, prima che i cookie vengano scaricati sul suo terminale&#8221;. Proprio ai fini della trasparenza informativa richiesta ai gestori del &#8220;sito prima parte&#8221; ove operano &#8220;cookie di terze parti&#8221;,<\/p>\n<p>Vi informiamo che sul Sito sono operativi i seguenti cookie di terzi:<\/p>\n<p>Google Analytics.<br \/>\nMatomo.<\/p>\n<p>Si tratta di un servizio di analisi web, attraverso &#8220;cookie&#8221;, che vengono depositati sul computer dell\u2019utente per consentire analisi statistiche in forma aggregata.<\/p>\n<p>&nbsp;<\/p>\n<h5>Dettaglio Cookie tecnici<\/h5>\n<table style=\"height: 385px;\" width=\"764\">\n<tbody>\n<tr>\n<td width=\"120\"><strong>Nome<\/strong><\/td>\n<td width=\"120\"><strong>Fornitore<\/strong><\/td>\n<td width=\"129\"><strong>Scopo<\/strong><\/td>\n<td width=\"117\"><strong>Scadenza<\/strong><\/td>\n<td width=\"106\"><strong>Tipo<\/strong><\/td>\n<\/tr>\n<tr>\n<td width=\"120\">cookie-agree<\/td>\n<td width=\"120\">Drupal<\/td>\n<td width=\"129\">Mantenimento cookie agreement<\/td>\n<td width=\"117\">\u00a0 4 mesi<\/td>\n<td width=\"106\">Tecnici<\/td>\n<\/tr>\n<tr>\n<td width=\"120\">xice<\/td>\n<td width=\"120\">Apache\/nginx<\/td>\n<td width=\"129\">Sicurezza header<\/td>\n<td width=\"117\">\u00a0 20 minuti<\/td>\n<td width=\"106\">Tecnici<\/td>\n<\/tr>\n<tr>\n<td width=\"120\">PHPSESSID<\/td>\n<td width=\"120\">Apache\/nginx<\/td>\n<td width=\"129\">Gestione identificativo Sessione<\/td>\n<td width=\"117\">\u00a0 sessione<\/td>\n<td width=\"106\">Tecnici<\/td>\n<\/tr>\n<tr>\n<td width=\"120\">data_stat_info<\/td>\n<td width=\"120\">Symfony<\/td>\n<td width=\"129\">Mantenimento sessione<\/td>\n<td width=\"117\">\u00a0 1 ora<\/td>\n<td width=\"106\">Tecnici<\/td>\n<\/tr>\n<tr>\n<td width=\"120\">xapp<\/td>\n<td width=\"120\">Apache\/nginx<\/td>\n<td width=\"129\">Sicurezza header<\/td>\n<td width=\"117\">\u00a0 20 minuti<\/td>\n<td width=\"106\">Tecnici<\/td>\n<\/tr>\n<tr>\n<td width=\"120\">_ga<\/td>\n<td width=\"120\">Google Analitycs<\/td>\n<td width=\"129\">Analisi statistica del traffico<\/td>\n<td width=\"117\">\u00a02 anni<\/td>\n<td width=\"106\">Analytics<\/td>\n<\/tr>\n<tr>\n<td width=\"120\">ga*<\/td>\n<td width=\"120\">Google Analitycs<\/td>\n<td width=\"129\">Analisi statistica del traffico<\/td>\n<td width=\"117\">\u00a0 2 anni<\/td>\n<td width=\"106\">Analytics<\/td>\n<\/tr>\n<tr>\n<td width=\"120\">_pk_id<\/td>\n<td width=\"120\">Matomo<\/td>\n<td width=\"129\">Fini statistici (analytics)<\/td>\n<td width=\"117\">\u00a0 28 gg<\/td>\n<td width=\"106\">Tecnici<\/td>\n<\/tr>\n<tr>\n<td width=\"120\">_pk_sess<\/td>\n<td width=\"120\">Matomo<\/td>\n<td width=\"129\">Fini statistici (analytics)<\/td>\n<td width=\"117\">\u00a0 20 minuti<\/td>\n<td width=\"106\">Tecnici<\/td>\n<\/tr>\n<\/tbody>\n<\/table>\n<p>&nbsp;<\/p>\n<h3>Titolare e Responsabili della Protezione dei dati personali<\/h3>\n<p>Il Titolare del trattamento dei dati, \u00e8 ICE &#8211; Agenzia per la promozione all\u2019estero e l\u2019internazionalizzazione delle imprese italiane, con sede in via Liszt, 21 \u2013 00144 Roma, (ora in poi Agenzia ICE).<\/p>\n<p>Il Responsabile della Protezione dei dati personali \u00e8 contattabile al seguente indirizzo email: <a href=\"mailto:privacy@ice.it\">privacy@ice.it<\/a>.<\/p>\n<p>&nbsp;<\/p>\n<h3>Esercizio dei diritti da parte dell\u2019interessato<\/h3>\n<p>L\u2019interessato pu\u00f2 esercitare in qualsiasi momento i propri diritti ed in particolare accedere ai propri dati personali, chiederne la rettifica o la limitazione, l\u2019aggiornamento se incompleti o erronei, e la cancellazione se raccolti in violazione di legge, nonch\u00e9 opporsi al loro trattamento fatta salva l\u2019esistenza di motivi legittimi da parte del Titolare. Ha altres\u00ec il diritto alla portabilit\u00e0, ossia di ricevere in un formato strutturato, di uso comune e leggibile da dispositivo automatico i dati personali dall\u2019interessato forniti.<\/p>\n<p>A tal fine \u00e8 possibile rivolgersi al Titolare, oppure al Responsabile della protezione dei dati.<\/p>\n<p>Si informa infine che \u00e8 prevista la possibilit\u00e0 di proporre reclamo all\u2019Autorit\u00e0 di Controllo Italiana \u2013 Garante per la protezione dei dati personali &#8211; Piazza Venezia\u00a0n. 11 &#8211; 00187\u00a0Roma<\/p>\n<p>Per maggiori informazioni \u00e8 possibile inviare una richiesta all\u2019indirizzo Email: <a href=\"mailto:privacy@ice.it\">privacy@ice.it<\/a>.<\/p>\n<p>&nbsp;<\/p>\n<p><strong>La presente informativa potr\u00e0 essere integrata con ulteriori indicazioni, anche in considerazione delle modifiche normative o dei provvedimenti della Commissione europea e del Garante Privacy.<\/strong><\/p>\n<p><strong>Per maggiori informazioni sui cookie visitare il sito del Garante per la protezione dei dati personali al seguente indirizzo <a href=\"https:\/\/www.garanteprivacy.it\/faq\/cookie\">www.garanteprivacy.it\/faq\/cookie<\/a><\/strong>\u00a0(16)<\/p>\n","protected":false},"excerpt":{"rendered":"<p>Cookie Policy del sito investinitalyrealestate.com &nbsp; Di seguito Vi informiamo in maniera trasparente circa l&#8217;operativit\u00e0 su questo sito web www.investinitalyrealestate.com (di seguito &#8220;Sito&#8221;) dei c.d. cookie. Definizione di &#8220;cookie&#8221; I cookie sono piccoli file di testo inviati dal Sito al terminale dell&#8217;interessato (solitamente al browser), dove vengono memorizzati per essere poi ritrasmessi al Sito alla [&hellip;]<\/p>\n","protected":false},"author":1,"featured_media":0,"parent":0,"menu_order":0,"comment_status":"closed","ping_status":"closed","template":"","meta":[],"acf":[],"yoast_head":"<!-- This site is optimized with the Yoast SEO plugin v19.0 - https:\/\/yoast.com\/wordpress\/plugins\/seo\/ -->\n<title>Cookie policy - ICE - Italian Trade Agency<\/title>\n<meta name=\"robots\" content=\"index, follow, max-snippet:-1, max-image-preview:large, max-video-preview:-1\" \/>\n<link rel=\"canonical\" href=\"https:\/\/www.investinitalyrealestate.com\/it\/cookie-policy\/\" \/>\n<meta property=\"og:locale\" content=\"it_IT\" \/>\n<meta property=\"og:type\" content=\"article\" \/>\n<meta property=\"og:title\" content=\"Cookie policy - ICE - Italian Trade Agency\" \/>\n<meta property=\"og:description\" content=\"Cookie Policy del sito investinitalyrealestate.com &nbsp; Di seguito Vi informiamo in maniera trasparente circa l&#8217;operativit\u00e0 su questo sito web www.investinitalyrealestate.com (di seguito &#8220;Sito&#8221;) dei c.d. cookie. Definizione di &#8220;cookie&#8221; I cookie sono piccoli file di testo inviati dal Sito al terminale dell&#8217;interessato (solitamente al browser), dove vengono memorizzati per essere poi ritrasmessi al Sito alla [&hellip;]\" \/>\n<meta property=\"og:url\" content=\"https:\/\/www.investinitalyrealestate.com\/it\/cookie-policy\/\" \/>\n<meta property=\"og:site_name\" content=\"ICE - Italian Trade Agency\" \/>\n<meta property=\"article:modified_time\" content=\"2026-01-16T11:47:09+00:00\" \/>\n<meta property=\"og:image\" content=\"https:\/\/www.investinitalyrealestate.com\/wp-content\/uploads\/2016\/02\/social-home.jpg\" \/>\n<meta name=\"twitter:card\" content=\"summary\" \/>\n<meta name=\"twitter:label1\" content=\"Tempo di lettura stimato\" \/>\n\t<meta name=\"twitter:data1\" content=\"7 minuti\" \/>\n<script type=\"application\/ld+json\" class=\"yoast-schema-graph\">{\"@context\":\"https:\/\/schema.org\",\"@graph\":[{\"@type\":\"WebSite\",\"@id\":\"http:\/\/www.investinitalyrealestate.com\/en\/#website\",\"url\":\"http:\/\/www.investinitalyrealestate.com\/en\/\",\"name\":\"ICE - Italian Trade Agency\",\"description\":\"Piattaforma per la vendita degli immobili pubblici Italiani\",\"potentialAction\":[{\"@type\":\"SearchAction\",\"target\":{\"@type\":\"EntryPoint\",\"urlTemplate\":\"http:\/\/www.investinitalyrealestate.com\/en\/?s={search_term_string}\"},\"query-input\":\"required name=search_term_string\"}],\"inLanguage\":\"it-IT\"},{\"@type\":\"WebPage\",\"@id\":\"https:\/\/www.investinitalyrealestate.com\/it\/cookie-policy\/#webpage\",\"url\":\"https:\/\/www.investinitalyrealestate.com\/it\/cookie-policy\/\",\"name\":\"Cookie policy - ICE - Italian Trade Agency\",\"isPartOf\":{\"@id\":\"http:\/\/www.investinitalyrealestate.com\/en\/#website\"},\"datePublished\":\"2022-04-20T20:05:43+00:00\",\"dateModified\":\"2026-01-16T11:47:09+00:00\",\"breadcrumb\":{\"@id\":\"https:\/\/www.investinitalyrealestate.com\/it\/cookie-policy\/#breadcrumb\"},\"inLanguage\":\"it-IT\",\"potentialAction\":[{\"@type\":\"ReadAction\",\"target\":[\"https:\/\/www.investinitalyrealestate.com\/it\/cookie-policy\/\"]}]},{\"@type\":\"BreadcrumbList\",\"@id\":\"https:\/\/www.investinitalyrealestate.com\/it\/cookie-policy\/#breadcrumb\",\"itemListElement\":[{\"@type\":\"ListItem\",\"position\":1,\"name\":\"Home\",\"item\":\"https:\/\/www.investinitalyrealestate.com\/it\/\"},{\"@type\":\"ListItem\",\"position\":2,\"name\":\"Cookie policy\"}]}]}<\/script>\n<!-- \/ Yoast SEO plugin. -->","yoast_head_json":{"title":"Cookie policy - ICE - Italian Trade Agency","robots":{"index":"index","follow":"follow","max-snippet":"max-snippet:-1","max-image-preview":"max-image-preview:large","max-video-preview":"max-video-preview:-1"},"canonical":"https:\/\/www.investinitalyrealestate.com\/it\/cookie-policy\/","og_locale":"it_IT","og_type":"article","og_title":"Cookie policy - ICE - Italian Trade Agency","og_description":"Cookie Policy del sito investinitalyrealestate.com &nbsp; Di seguito Vi informiamo in maniera trasparente circa l&#8217;operativit\u00e0 su questo sito web www.investinitalyrealestate.com (di seguito &#8220;Sito&#8221;) dei c.d. cookie. Definizione di &#8220;cookie&#8221; I cookie sono piccoli file di testo inviati dal Sito al terminale dell&#8217;interessato (solitamente al browser), dove vengono memorizzati per essere poi ritrasmessi al Sito alla [&hellip;]","og_url":"https:\/\/www.investinitalyrealestate.com\/it\/cookie-policy\/","og_site_name":"ICE - Italian Trade Agency","article_modified_time":"2026-01-16T11:47:09+00:00","og_image":[{"url":"https:\/\/www.investinitalyrealestate.com\/wp-content\/uploads\/2016\/02\/social-home.jpg"}],"twitter_card":"summary","twitter_misc":{"Tempo di lettura stimato":"7 minuti"},"schema":{"@context":"https:\/\/schema.org","@graph":[{"@type":"WebSite","@id":"http:\/\/www.investinitalyrealestate.com\/en\/#website","url":"http:\/\/www.investinitalyrealestate.com\/en\/","name":"ICE - Italian Trade Agency","description":"Piattaforma per la vendita degli immobili pubblici Italiani","potentialAction":[{"@type":"SearchAction","target":{"@type":"EntryPoint","urlTemplate":"http:\/\/www.investinitalyrealestate.com\/en\/?s={search_term_string}"},"query-input":"required name=search_term_string"}],"inLanguage":"it-IT"},{"@type":"WebPage","@id":"https:\/\/www.investinitalyrealestate.com\/it\/cookie-policy\/#webpage","url":"https:\/\/www.investinitalyrealestate.com\/it\/cookie-policy\/","name":"Cookie policy - ICE - Italian Trade Agency","isPartOf":{"@id":"http:\/\/www.investinitalyrealestate.com\/en\/#website"},"datePublished":"2022-04-20T20:05:43+00:00","dateModified":"2026-01-16T11:47:09+00:00","breadcrumb":{"@id":"https:\/\/www.investinitalyrealestate.com\/it\/cookie-policy\/#breadcrumb"},"inLanguage":"it-IT","potentialAction":[{"@type":"ReadAction","target":["https:\/\/www.investinitalyrealestate.com\/it\/cookie-policy\/"]}]},{"@type":"BreadcrumbList","@id":"https:\/\/www.investinitalyrealestate.com\/it\/cookie-policy\/#breadcrumb","itemListElement":[{"@type":"ListItem","position":1,"name":"Home","item":"https:\/\/www.investinitalyrealestate.com\/it\/"},{"@type":"ListItem","position":2,"name":"Cookie policy"}]}]}},"wpml_current_locale":"it_IT","wpml_translations":[],"_links":{"self":[{"href":"https:\/\/www.investinitalyrealestate.com\/it\/wp-json\/wp\/v2\/pages\/40455"}],"collection":[{"href":"https:\/\/www.investinitalyrealestate.com\/it\/wp-json\/wp\/v2\/pages"}],"about":[{"href":"https:\/\/www.investinitalyrealestate.com\/it\/wp-json\/wp\/v2\/types\/page"}],"author":[{"embeddable":true,"href":"https:\/\/www.investinitalyrealestate.com\/it\/wp-json\/wp\/v2\/users\/1"}],"replies":[{"embeddable":true,"href":"https:\/\/www.investinitalyrealestate.com\/it\/wp-json\/wp\/v2\/comments?post=40455"}],"version-history":[{"count":75,"href":"https:\/\/www.investinitalyrealestate.com\/it\/wp-json\/wp\/v2\/pages\/40455\/revisions"}],"predecessor-version":[{"id":66994,"href":"https:\/\/www.investinitalyrealestate.com\/it\/wp-json\/wp\/v2\/pages\/40455\/revisions\/66994"}],"wp:attachment":[{"href":"https:\/\/www.investinitalyrealestate.com\/it\/wp-json\/wp\/v2\/media?parent=40455"}],"curies":[{"name":"wp","href":"https:\/\/api.w.org\/{rel}","templated":true}]}}