{"id":41343,"date":"2022-07-27T13:19:01","date_gmt":"2022-07-27T11:19:01","guid":{"rendered":"https:\/\/www.investinitalyrealestate.com\/?page_id=41343"},"modified":"2022-07-27T15:29:12","modified_gmt":"2022-07-27T13:29:12","slug":"i-bando-farmacap-bando","status":"publish","type":"page","link":"https:\/\/www.investinitalyrealestate.com\/it\/i-bando-farmacap-bando\/","title":{"rendered":"I BANDO FARMACAP &#8211; BANDO"},"content":{"rendered":"<h1 style=\"text-align: center;\"><img loading=\"lazy\" class=\"alignnone wp-image-41610\" src=\"https:\/\/www.investinitalyrealestate.com\/wp-content\/uploads\/2022\/07\/Loghi-CNN-Farmacap-RAN-2-300x59.jpg\" alt=\"\" width=\"585\" height=\"115\" srcset=\"https:\/\/www.investinitalyrealestate.com\/wp-content\/uploads\/2022\/07\/Loghi-CNN-Farmacap-RAN-2-300x59.jpg 300w, https:\/\/www.investinitalyrealestate.com\/wp-content\/uploads\/2022\/07\/Loghi-CNN-Farmacap-RAN-2-700x137.jpg 700w, https:\/\/www.investinitalyrealestate.com\/wp-content\/uploads\/2022\/07\/Loghi-CNN-Farmacap-RAN-2.jpg 737w\" sizes=\"(max-width: 585px) 100vw, 585px\" \/><\/h1>\n<h1 style=\"text-align: center;\">I BANDO INTEGRALE DI ASTA PUBBLICA<\/h1>\n<p style=\"text-align: center;\"><strong>U<\/strong><strong>NITA\u2019 IMMOBILIARI LIBERE DI PROPRIETA\u2019 DELLA FARMACAP<\/strong><\/p>\n<p style=\"text-align: center;\">Le Aste si svolgeranno l\u201911 ottobre 2022 con modalit\u00e0 telematica attraverso la Rete Aste Notarili del Consiglio Nazionale del Notariato.<\/p>\n<p>&nbsp;<\/p>\n<p><strong>FARMACAP <\/strong>&#8211;\u00a0 Azienda Speciale Farma-sociosanitaria Capitolina, offre all\u2019asta la propriet\u00e0 di unit\u00e0 immobiliari libere facenti parte del programma di dismissione degli immobili come definito:<\/p>\n<ul>\n<li>dal Piano di risanamento 2021-2024 approvato con la Deliberazione n. 35 dell\u2019ASSEMBLEA CAPITOLINA nella Seduta Pubblica del 17 maggio 2022<\/li>\n<li>dalla Delibera Commissariale n 7\/2022 del 13\/06\/2022, a seguito degli atti preliminari svolti dalla Direzione Generale con i quali sono stati individuati gli immobili che saranno oggetto di vendita diretta attraverso aste pubbliche nonch\u00e9 i relativi prezzi di cessione a base d\u2019asta<\/li>\n<li>dalla Convenzione con il Consiglio Nazionale del Notariato del 13\/11\/2020 per la gestione delle procedure d&#8217;asta e la vendita degli immobili con l&#8217;utilizzo di una procedura telematica via Web.<\/li>\n<li>dal Disciplinare d\u2019Asta vigente alla data di pubblicazione del presente Bando.<\/li>\n<\/ul>\n<p>Le Aste sono effettuate per singoli <strong>Lotti<\/strong>, ognuno costituito da una o pi\u00f9 unit\u00e0 comprensive di eventuali pertinenze e accessori. L\u2019<strong>Elenco Lotti<\/strong>, completo di documentazione (planimetrie, foto, ecc.), l\u2019<strong>elenco dei Notai <\/strong>presso i quali \u00e8 possibile depositare le offerte e il presente <strong>Bando Integrale<\/strong>, nonch\u00e9 il <strong>Disciplinare d\u2019Asta <\/strong>e i suoi Allegati (fac-simile Modelli di partecipazione), che regolano le modalit\u00e0 di partecipazione e di svolgimento dell\u2019Asta e le modalit\u00e0 per effettuare eventuali sopralluoghi agli immobili, sono disponibili sui siti internet del Consiglio Nazionale del Notariato (<strong><em>ww<\/em><\/strong><strong><em>w<\/em><\/strong><strong><em>.n<\/em><\/strong><strong><em>otariato.it <\/em><\/strong>e <a href=\"http:\/\/www.avvisinotarili.notariato.it\/\"><strong><em>www.avvisinotarili.notariato.it<\/em><\/strong><\/a> ) e di Farmacap (<a href=\"http:\/\/www.farmacap.info\/\">www.farmacap.info<\/a>\/).<\/p>\n<p>Le informazioni relative ai lotti potranno essere aggiornate o rettificate mediante apposita pubblicazione sui citati siti web, restando onere di ciascun offerente prendere visione di tali eventuali aggiornamenti prima della presentazione di ciascuna offerta.<\/p>\n<p>Gli immobili verranno posti in vendita a corpo, nello stato di fatto, di diritto, di manutenzione e di consistenza in cui si trovano, con ogni pertinenza di propriet\u00e0, impianti esistenti, servit\u00f9 attive e passive ove esistenti.<\/p>\n<p>La Farmacap fa divieto di replicare con qualunque mezzo le pubblicazioni di tali bandi o dei singoli lotti che li compongono o diffondere la relativa documentazione per scopi commerciali, non riconoscendo le attivit\u00e0 di intermediazione di soggetti terzi e riservandosi di agire presso gli organi competenti in caso di violazione di tale divieto.<\/p>\n<p>&nbsp;<\/p>\n<p><strong><u>Tipologia di Asta<\/u><\/strong><\/p>\n<p>L\u2019<strong>Asta con incanto<\/strong>, consiste nella presentazione, previo appuntamento innanzi al Notaio Banditore o al Notaio Periferico (Notaio Abilitato alla Rete Aste Notarili il cui elenco \u00e8 consultabile sui siti del notariato <a href=\"http:\/\/www.notariato.it\/ran\">www.notariato.it<\/a> e <a href=\"http:\/\/www.avvisinotarili.notariato.it\">www.avvisinotarili.notariato.it<\/a>), di offerte segrete, cartacee, digitali o cartacee digitalizzate, di importo almeno pari al prezzo base d\u2019Asta indicato nell\u2019Elenco Lotti.<\/p>\n<p>Il Notaio Banditore dell\u2019Asta provveder\u00e0 in caso di un\u2019unica offerta segreta valida, all\u2019aggiudicazione del Lotto a favore dell\u2019unico soggetto offerente; nel\u00a0 caso in cui risultino presentate pi\u00f9 offerte segrete valide provveder\u00e0 a tenere l\u2019asta e a dare corso all\u2019<strong>incanto<\/strong> tra gli offerenti che abbiano presentato le\u00a0 tre\u00a0 offerte segrete di importo pi\u00f9 elevato (compresi tutti gli eventuali ex aequo, da intendersi sia per l\u2019offerta pi\u00f9 alta che per la seconda e la terza), con la conseguente aggiudicazione del lotto a favore del soggetto che al termine dell\u2019espletamento dell\u2019incanto stesso, risulter\u00e0 aver presentato l\u2019offerta palese in aumento di valore pi\u00f9 elevato.<\/p>\n<p>L\u2019incanto si terr\u00e0 in sessioni della durata di 3 minuti entro cui ciascun Offerente potr\u00e0 prenotarsi e presentare un\u2019Offerta Palese in aumento rispetto al prezzo base d\u2019Incanto e per le successive sessioni in aumento rispetto alla valida Offerta di importo pi\u00f9 elevato, con rialzo minimo pari ad \u20ac 5.000,00 (euro cinquemila).<\/p>\n<p>In assenza di ulteriori valide Offerte Palesi in aumento, allo scadere della sessione d\u2019Incanto (3 minuti), il Notaio Banditore procede ad aggiudicare il Lotto a favore del miglior Offerente.<\/p>\n<p>Sia in assenza degli offerenti ammessi all&#8217;Incanto che in caso di inerzia o di rifiuto degli stessi di presentare valide Offerte Palesi in aumento rispetto alle valide Offerte gi\u00e0 presentate, si provveder\u00e0 all&#8217;aggiudicazione in favore del soggetto che ha presentato l&#8217;offerta pi\u00f9 alta o, in caso di ex aequo, in base alla priorit\u00e0 temporale di registrazione dell&#8217;Offerta o in subordine mediante estrazione a sorte.<\/p>\n<p><strong><u>Cauzione<\/u><\/strong><\/p>\n<p>I partecipanti dovranno, a pena di esclusione, costituire a garanzia dell\u2019Offerta, una cauzione per un importo pari al 5% (cinque per cento) del prezzo base d\u2019Asta del Lotto per cui presentano l\u2019offerta, fatti salvi i casi in cui \u00e8 riportato altro valore di cauzione nell\u2019Elenco Lotti.<\/p>\n<p>La cauzione dovr\u00e0 essere costituita, a pena di esclusione, alternativamente mediante assegno circolare non trasferibile emesso da istituto bancario o equivalente assegno postale recante la clausola di non trasferibilit\u00e0 intestato a Farmacap o bonifico bancario sul conto corrente n. IBAN:\u00a0IT 54 A 01030 03200 000004933167; SWIFT: PASCITMMROM (in caso di bonifico eseguito dall&#8217;estero), intestato alla Farmacap.<\/p>\n<p>La cauzione mediante assegno circolare o la prova del bonifico dovr\u00e0 essere depositata presso il Notaio Banditore o Periferico, presso il quale viene depositata l&#8217;Offerta.<\/p>\n<p><strong><u>Procedura di integrazione e sostituzione della Cauzione iniziale<\/u><\/strong><\/p>\n<p>L&#8217;Aggiudicatario definitivo dovr\u00e0, entro il termine essenziale di quindici giorni, naturali e consecutivi, dalla data dell&#8217;aggiudicazione definitiva, a pena di decadenza dalla stessa e di incameramento della cauzione prestata per presentare l&#8217;offerta, effettuare un versamento pari al 5% (cinque per cento) del prezzo aggiudicazione del lotto.<\/p>\n<p>Tale versamento dovr\u00e0 essere effettuato, con unico bonifico bancario o postale con causale &#8220;Versamento Cauzione per lotto n\u2026\u2026..&#8221;, con la specifica indicazione del nome e cognome dell&#8217;aggiudicatario, sul conto corrente n. IBAN:\u00a0IT 54 A 01030 03200 000004933167; SWIFT: PASCITMMROM (in caso di bonifico eseguito dall&#8217;estero), intestato alla Farmacap.<\/p>\n<p>La prova del bonifico sar\u00e0 consegnata al Notaio depositario dell\u2019assegno cauzionale o notificato allo stesso a mezzo raccomandata a\/r o PEC, entro 15 (quindici) giorni, decorrenti dalla data dell&#8217;aggiudicazione definitiva.<\/p>\n<p><strong><u>Contratto di compravendita<\/u><\/strong><\/p>\n<p>Il contratto di compravendita potr\u00e0 essere stipulato anche dal Notaio (Banditore o Periferico), presso il quale \u00e8 stata depositata l\u2019offerta entro il termine essenziale nell\u2019interesse della Farmacap di 60 giorni naturali e consecutivi, decorrenti dalla data dell\u2019aggiudicazione. In caso di inadempimento, per fatto o colpa imputabile all&#8217;aggiudicatario, quest&#8217;ultimo si intender\u00e0 decaduto dall&#8217;aggiudicazione e la Farmacap avr\u00e0 diritto ad incamerare la cauzione, salvo il diritto al maggior danno.<\/p>\n<p><strong><u>O<\/u><\/strong><strong><u>norari e spese<\/u><\/strong><\/p>\n<p>L&#8217;onorario del Notaio Banditore per la redazione del Verbale d&#8217;asta \u00e8 variabile, in base alla complessit\u00e0 di ciascuna asta ed al valore del bene in vendita, fino ad un importo massimo di \u20ac 1.200,00 (Euro milleduecento\/00) oltre IVA. Sono inoltre dovute le spese e le imposte inerenti il Verbale d&#8217;Asta quali, a titolo meramente esemplificativo, le spese per bolli, accessori, imposte, tasse ed oneri di qualsiasi genere. Gli onorari e le imposte suddette sono interamente a carico dell&#8217;aggiudicatario. Sono altres\u00ec da corrispondersi al Notaio Banditore le spese, sostenute dallo stesso per la gestione informatica della procedura d\u2019Asta, nella misura di \u20ac 290,00 (Euro duecentonovanta) oltre IVA, per ogni lotto aggiudicato, e per la pubblicazione sul portale \u201cAvvisi Notarili\u201d replica su in \u20ac 50,00 (euro cinquanta) oltre IVA, per ogni lotto aggiudicato. Il versamento dei suddetti importi dovr\u00e0 essere effettuato dall&#8217;Aggiudicatario, mediante assegno o bonifico bancario, sul conto che sar\u00e0 indicato a cura del Notaio Banditore ed entro 30 giorni dalla ricezione della comunicazione di avvenuta aggiudicazione e le prove degli avvenuti versamenti dovranno essere fornite al Notaio incaricato dell\u2019atto di vendita nel giorno fissato per la stipula.<\/p>\n<p>In relazione al fatto che il contratto di compravendita potr\u00e0 essere stipulato anche dal Notaio (Banditore o Periferico) presso il quale ha presentato l&#8217;Offerta il soggetto aggiudicatario, ciascun offerente ha facolt\u00e0 di richiedere, al momento della presentazione dell&#8217;Offerta, un preventivo di massima ai sensi della normativa vigente, ed in particolare, ai sensi dell&#8217;art. 9 del DL 1\/2012, convertito dalla legge n. 27 del 24 marzo 2012.<\/p>\n<p><strong><u>Facolt\u00e0 e riserve a favore dell\u2019Ente<\/u><\/strong><\/p>\n<p>Conformemente a quanto disposto al punto 5 del Disciplinare d\u2019Asta, la FARMACAP. si riserva in ogni momento della procedura e fino alla stipula del contratto, per motivate ragioni, la facolt\u00e0 di modificare, sospendere e\/o non dare ulteriore corso agli atti della Procedura d\u2019Asta e all\u2019aggiudicazione senza che gli offerenti o l\u2019Aggiudicatario possano avanzare alcuna pretesa nei suoi confronti, fermo restando, in caso di annullamento delle Procedura d\u2019Asta o dell\u2019aggiudicazione, l\u2019obbligo alla restituzione in favore degli offerenti o dell\u2019Aggiudicatario delle cauzioni versate e degli onorari e delle spese sostenute conformemente a quanto disposto dal Disciplinare d\u2019Asta. Gli offerenti ovvero l&#8217;aggiudicatario non potranno avanzare alcuna pretesa nei confronti della Farmacap per mancato guadagno e\/o per costi sostenuti per la presentazione dell&#8217;Offerta.<\/p>\n<p>Qualora l&#8217;immobile, per il quale viene presentata l&#8217;offerta, risultasse occupato abusivamente ovvero venisse occupato abusivamente nel corso dell&#8217;espletamento della gara, la stipula del contratto d\u00ec vendita avverr\u00e0 al momento della consegna effettiva dell&#8217;immobile libero di persone e cose, e comunque non oltre sei mesi dalla data di aggiudicazione definitiva. In caso di mancato sgombero dell&#8217;immobile, la Farmacap si impegna a restituire le cauzioni versate e gli onorari e spese sostenuti conformemente a quanto disposto dal Disciplinare d\u2019asta, senza che l&#8217;aggiudicatario possa in alcun modo rivalersi nei confronti della Farmacap stessa, esonerandola da ogni onere e responsabilit\u00e0 in ordine a tale mancato adempimento.<\/p>\n<p><strong><u>Le offerte dovranno pervenire entro e non oltre in termini indicati nell\u2019Elenco lotti<\/u><\/strong><\/p>\n<p><strong><u>Visite e ulteriori informazioni<\/u><\/strong><\/p>\n<p>In merito alla visita agli immobili\u00a0 (con prenotazione obbligatoria\u00a0 di massimo 2 persone) \u00a0utilizzare l&#8217;indirizzo: <a href=\"mailto:immobili@farmacap.it\">immobili@farmacap.it<\/a> entro 48h del giorno feriale precedente a quello desiderato per la visita.<\/p>\n<p>Per eventuali ulteriori approfondimenti \u00e8 possibile rivolgersi alla FARMACAP (Call center 06\/570881 e-mail immobili@farmacap.it); per informazioni solo di carattere procedurale al notaio banditore o al Consiglio Nazionale Notariato (e-mail dismissioni.cnn@notariato.it).<\/p>\n","protected":false},"excerpt":{"rendered":"<p>I BANDO INTEGRALE DI ASTA PUBBLICA UNITA\u2019 IMMOBILIARI LIBERE DI PROPRIETA\u2019 DELLA FARMACAP Le Aste si svolgeranno l\u201911 ottobre 2022 con modalit\u00e0 telematica attraverso la Rete Aste Notarili del Consiglio Nazionale del Notariato. &nbsp; FARMACAP &#8211;\u00a0 Azienda Speciale Farma-sociosanitaria Capitolina, offre all\u2019asta la propriet\u00e0 di unit\u00e0 immobiliari libere facenti parte del programma di dismissione degli [&hellip;]<\/p>\n","protected":false},"author":2412,"featured_media":0,"parent":0,"menu_order":0,"comment_status":"closed","ping_status":"closed","template":"","meta":[],"acf":[],"yoast_head":"<!-- This site is optimized with the Yoast SEO plugin v19.0 - https:\/\/yoast.com\/wordpress\/plugins\/seo\/ -->\n<title>I BANDO FARMACAP - BANDO - ICE - Italian Trade Agency<\/title>\n<meta name=\"robots\" content=\"index, follow, max-snippet:-1, max-image-preview:large, max-video-preview:-1\" \/>\n<link rel=\"canonical\" href=\"https:\/\/www.investinitalyrealestate.com\/it\/i-bando-farmacap-bando\/\" \/>\n<meta property=\"og:locale\" content=\"it_IT\" \/>\n<meta property=\"og:type\" content=\"article\" \/>\n<meta property=\"og:title\" content=\"I BANDO FARMACAP - BANDO - ICE - Italian Trade Agency\" \/>\n<meta property=\"og:description\" content=\"I BANDO INTEGRALE DI ASTA PUBBLICA UNITA\u2019 IMMOBILIARI LIBERE DI PROPRIETA\u2019 DELLA FARMACAP Le Aste si svolgeranno l\u201911 ottobre 2022 con modalit\u00e0 telematica attraverso la Rete Aste Notarili del Consiglio Nazionale del Notariato. &nbsp; FARMACAP &#8211;\u00a0 Azienda Speciale Farma-sociosanitaria Capitolina, offre all\u2019asta la propriet\u00e0 di unit\u00e0 immobiliari libere facenti parte del programma di dismissione degli [&hellip;]\" \/>\n<meta property=\"og:url\" content=\"https:\/\/www.investinitalyrealestate.com\/it\/i-bando-farmacap-bando\/\" \/>\n<meta property=\"og:site_name\" content=\"ICE - Italian Trade Agency\" \/>\n<meta property=\"article:modified_time\" content=\"2022-07-27T13:29:12+00:00\" \/>\n<meta property=\"og:image\" content=\"https:\/\/www.investinitalyrealestate.com\/wp-content\/uploads\/2022\/07\/Loghi-CNN-Farmacap-RAN-2-300x59.jpg\" \/>\n<meta name=\"twitter:card\" content=\"summary\" \/>\n<meta name=\"twitter:label1\" content=\"Tempo di lettura stimato\" \/>\n\t<meta name=\"twitter:data1\" content=\"9 minuti\" \/>\n<script type=\"application\/ld+json\" class=\"yoast-schema-graph\">{\"@context\":\"https:\/\/schema.org\",\"@graph\":[{\"@type\":\"WebSite\",\"@id\":\"https:\/\/www.investinitalyrealestate.com\/it\/#website\",\"url\":\"https:\/\/www.investinitalyrealestate.com\/it\/\",\"name\":\"ICE - Italian Trade Agency\",\"description\":\"Piattaforma per la vendita degli immobili pubblici Italiani\",\"potentialAction\":[{\"@type\":\"SearchAction\",\"target\":{\"@type\":\"EntryPoint\",\"urlTemplate\":\"https:\/\/www.investinitalyrealestate.com\/it\/?s={search_term_string}\"},\"query-input\":\"required name=search_term_string\"}],\"inLanguage\":\"it-IT\"},{\"@type\":\"ImageObject\",\"inLanguage\":\"it-IT\",\"@id\":\"https:\/\/www.investinitalyrealestate.com\/it\/i-bando-farmacap-bando\/#primaryimage\",\"url\":\"https:\/\/www.investinitalyrealestate.com\/wp-content\/uploads\/2022\/07\/Loghi-CNN-Farmacap-RAN-2.jpg\",\"contentUrl\":\"https:\/\/www.investinitalyrealestate.com\/wp-content\/uploads\/2022\/07\/Loghi-CNN-Farmacap-RAN-2.jpg\",\"width\":737,\"height\":144},{\"@type\":\"WebPage\",\"@id\":\"https:\/\/www.investinitalyrealestate.com\/it\/i-bando-farmacap-bando\/#webpage\",\"url\":\"https:\/\/www.investinitalyrealestate.com\/it\/i-bando-farmacap-bando\/\",\"name\":\"I BANDO FARMACAP - BANDO - ICE - Italian Trade Agency\",\"isPartOf\":{\"@id\":\"https:\/\/www.investinitalyrealestate.com\/it\/#website\"},\"primaryImageOfPage\":{\"@id\":\"https:\/\/www.investinitalyrealestate.com\/it\/i-bando-farmacap-bando\/#primaryimage\"},\"datePublished\":\"2022-07-27T11:19:01+00:00\",\"dateModified\":\"2022-07-27T13:29:12+00:00\",\"breadcrumb\":{\"@id\":\"https:\/\/www.investinitalyrealestate.com\/it\/i-bando-farmacap-bando\/#breadcrumb\"},\"inLanguage\":\"it-IT\",\"potentialAction\":[{\"@type\":\"ReadAction\",\"target\":[\"https:\/\/www.investinitalyrealestate.com\/it\/i-bando-farmacap-bando\/\"]}]},{\"@type\":\"BreadcrumbList\",\"@id\":\"https:\/\/www.investinitalyrealestate.com\/it\/i-bando-farmacap-bando\/#breadcrumb\",\"itemListElement\":[{\"@type\":\"ListItem\",\"position\":1,\"name\":\"Home\",\"item\":\"https:\/\/www.investinitalyrealestate.com\/it\/\"},{\"@type\":\"ListItem\",\"position\":2,\"name\":\"I BANDO FARMACAP &#8211; BANDO\"}]}]}<\/script>\n<!-- \/ Yoast SEO plugin. -->","yoast_head_json":{"title":"I BANDO FARMACAP - BANDO - ICE - Italian Trade Agency","robots":{"index":"index","follow":"follow","max-snippet":"max-snippet:-1","max-image-preview":"max-image-preview:large","max-video-preview":"max-video-preview:-1"},"canonical":"https:\/\/www.investinitalyrealestate.com\/it\/i-bando-farmacap-bando\/","og_locale":"it_IT","og_type":"article","og_title":"I BANDO FARMACAP - BANDO - ICE - Italian Trade Agency","og_description":"I BANDO INTEGRALE DI ASTA PUBBLICA UNITA\u2019 IMMOBILIARI LIBERE DI PROPRIETA\u2019 DELLA FARMACAP Le Aste si svolgeranno l\u201911 ottobre 2022 con modalit\u00e0 telematica attraverso la Rete Aste Notarili del Consiglio Nazionale del Notariato. &nbsp; FARMACAP &#8211;\u00a0 Azienda Speciale Farma-sociosanitaria Capitolina, offre all\u2019asta la propriet\u00e0 di unit\u00e0 immobiliari libere facenti parte del programma di dismissione degli [&hellip;]","og_url":"https:\/\/www.investinitalyrealestate.com\/it\/i-bando-farmacap-bando\/","og_site_name":"ICE - Italian Trade Agency","article_modified_time":"2022-07-27T13:29:12+00:00","og_image":[{"url":"https:\/\/www.investinitalyrealestate.com\/wp-content\/uploads\/2022\/07\/Loghi-CNN-Farmacap-RAN-2-300x59.jpg"}],"twitter_card":"summary","twitter_misc":{"Tempo di lettura stimato":"9 minuti"},"schema":{"@context":"https:\/\/schema.org","@graph":[{"@type":"WebSite","@id":"https:\/\/www.investinitalyrealestate.com\/it\/#website","url":"https:\/\/www.investinitalyrealestate.com\/it\/","name":"ICE - Italian Trade Agency","description":"Piattaforma per la vendita degli immobili pubblici Italiani","potentialAction":[{"@type":"SearchAction","target":{"@type":"EntryPoint","urlTemplate":"https:\/\/www.investinitalyrealestate.com\/it\/?s={search_term_string}"},"query-input":"required name=search_term_string"}],"inLanguage":"it-IT"},{"@type":"ImageObject","inLanguage":"it-IT","@id":"https:\/\/www.investinitalyrealestate.com\/it\/i-bando-farmacap-bando\/#primaryimage","url":"https:\/\/www.investinitalyrealestate.com\/wp-content\/uploads\/2022\/07\/Loghi-CNN-Farmacap-RAN-2.jpg","contentUrl":"https:\/\/www.investinitalyrealestate.com\/wp-content\/uploads\/2022\/07\/Loghi-CNN-Farmacap-RAN-2.jpg","width":737,"height":144},{"@type":"WebPage","@id":"https:\/\/www.investinitalyrealestate.com\/it\/i-bando-farmacap-bando\/#webpage","url":"https:\/\/www.investinitalyrealestate.com\/it\/i-bando-farmacap-bando\/","name":"I BANDO FARMACAP - BANDO - ICE - Italian Trade Agency","isPartOf":{"@id":"https:\/\/www.investinitalyrealestate.com\/it\/#website"},"primaryImageOfPage":{"@id":"https:\/\/www.investinitalyrealestate.com\/it\/i-bando-farmacap-bando\/#primaryimage"},"datePublished":"2022-07-27T11:19:01+00:00","dateModified":"2022-07-27T13:29:12+00:00","breadcrumb":{"@id":"https:\/\/www.investinitalyrealestate.com\/it\/i-bando-farmacap-bando\/#breadcrumb"},"inLanguage":"it-IT","potentialAction":[{"@type":"ReadAction","target":["https:\/\/www.investinitalyrealestate.com\/it\/i-bando-farmacap-bando\/"]}]},{"@type":"BreadcrumbList","@id":"https:\/\/www.investinitalyrealestate.com\/it\/i-bando-farmacap-bando\/#breadcrumb","itemListElement":[{"@type":"ListItem","position":1,"name":"Home","item":"https:\/\/www.investinitalyrealestate.com\/it\/"},{"@type":"ListItem","position":2,"name":"I BANDO FARMACAP &#8211; BANDO"}]}]}},"wpml_current_locale":"it_IT","wpml_translations":[],"_links":{"self":[{"href":"https:\/\/www.investinitalyrealestate.com\/it\/wp-json\/wp\/v2\/pages\/41343"}],"collection":[{"href":"https:\/\/www.investinitalyrealestate.com\/it\/wp-json\/wp\/v2\/pages"}],"about":[{"href":"https:\/\/www.investinitalyrealestate.com\/it\/wp-json\/wp\/v2\/types\/page"}],"author":[{"embeddable":true,"href":"https:\/\/www.investinitalyrealestate.com\/it\/wp-json\/wp\/v2\/users\/2412"}],"replies":[{"embeddable":true,"href":"https:\/\/www.investinitalyrealestate.com\/it\/wp-json\/wp\/v2\/comments?post=41343"}],"version-history":[{"count":9,"href":"https:\/\/www.investinitalyrealestate.com\/it\/wp-json\/wp\/v2\/pages\/41343\/revisions"}],"predecessor-version":[{"id":41634,"href":"https:\/\/www.investinitalyrealestate.com\/it\/wp-json\/wp\/v2\/pages\/41343\/revisions\/41634"}],"wp:attachment":[{"href":"https:\/\/www.investinitalyrealestate.com\/it\/wp-json\/wp\/v2\/media?parent=41343"}],"curies":[{"name":"wp","href":"https:\/\/api.w.org\/{rel}","templated":true}]}}