{"id":54088,"date":"2024-04-11T17:39:19","date_gmt":"2024-04-11T15:39:19","guid":{"rendered":"https:\/\/www.investinitalyrealestate.com\/?page_id=54088"},"modified":"2024-04-17T10:31:08","modified_gmt":"2024-04-17T08:31:08","slug":"ihif-2024","status":"publish","type":"page","link":"https:\/\/www.investinitalyrealestate.com\/it\/ihif-2024\/","title":{"rendered":"IHIF 2024"},"content":{"rendered":"<p><img loading=\"lazy\" class=\"size-medium wp-image-54174 aligncenter\" src=\"https:\/\/www.investinitalyrealestate.com\/wp-content\/uploads\/2024\/04\/Immagine2-300x237.png\" alt=\"\" width=\"300\" height=\"237\" srcset=\"https:\/\/www.investinitalyrealestate.com\/wp-content\/uploads\/2024\/04\/Immagine2-300x237.png 300w, https:\/\/www.investinitalyrealestate.com\/wp-content\/uploads\/2024\/04\/Immagine2-1024x809.png 1024w, https:\/\/www.investinitalyrealestate.com\/wp-content\/uploads\/2024\/04\/Immagine2-768x606.png 768w, https:\/\/www.investinitalyrealestate.com\/wp-content\/uploads\/2024\/04\/Immagine2-1200x948.png 1200w, https:\/\/www.investinitalyrealestate.com\/wp-content\/uploads\/2024\/04\/Immagine2-700x553.png 700w, https:\/\/www.investinitalyrealestate.com\/wp-content\/uploads\/2024\/04\/Immagine2-210x167.png 210w, https:\/\/www.investinitalyrealestate.com\/wp-content\/uploads\/2024\/04\/Immagine2.png 1369w\" sizes=\"(max-width: 300px) 100vw, 300px\" \/><\/p>\n<p>&nbsp;<\/p>\n<p>&nbsp;<\/p>\n<p>&nbsp;<\/p>\n<p style=\"text-align: left;\">L\u2019<strong>Agenzia ICE<\/strong> (Ufficio Attrazione Investimenti Esteri e Ice Berlino), nel quadro del progetto <em>Invest in Italy<\/em> (ICE, Invitalia, Maeci, Mimit) ha partecipato anche per l&#8217;anno 2024 alla fiera <strong>International Hospitality Investment Forum (IHIF)<\/strong>, che si \u00e8 tenuta a Berlino dal 15 al 17 aprile p.v., un&#8217;importante iniziativa, a cadenza annuale, dedicata al real estate turistico ed in particolare riservata a presentare agli investitori internazionali le possibilit\u00e0 di investimento nei settori alberghiero e dell&#8217;<em>Hospitality <\/em>italiani.<\/p>\n<p style=\"text-align: left;\">La partecipazione \u00e8 giunta al suo settimo anno e costituisce un valido strumento per promuovere il portafoglio di opportunit\u00e0 italiane e per evidenziare la collaborazione fra il settore pubblico e privato in un settore, quello dell&#8217;ospitalit\u00e0, molto rilevante per il nostro Paese. L\u2019Italia si conferma infatti attrattiva per gli investimenti esteri nel settore dell&#8217;ospitalit\u00e0, grazie alla sua popolarit\u00e0 come destinazione turistica: secondo uno studio ISNART sulle imprese, commissionato da ENIT-Unioncamere, nel 2023 si stima che si siano registrate in Italia 851 milioni di presenze (in strutture ricettive e abitazioni private) che hanno generato un impatto economico sui territori di oltre 84 miliardi di euro. Il settore turistico e alberghiero risulta essere uno tra i settori con ripresa pi\u00f9 veloce, specialmente in citt\u00e0 come Firenze, Roma, Venezia e Milano. Come evidenziato, Roma si conferma leader di mercato con 412 milioni di investimenti (il 25% del totale), seguita da Milano (8%), Firenze (3%) e Venezia (2%). Le citt\u00e0 secondarie e le destinazioni regionali hanno visto crescere il proprio appeal arrivando a pesare il 16% dei volumi totali. Nel 2023, secondo un\u2019analisi settoriale realizzata da EY, gli investimenti immobiliari nel settore dell&#8217;ospitalit\u00e0 sono arrivati a 1,6 miliardi di euro, confermando la resilienza del settore alberghiero.<\/p>\n<p style=\"text-align: left;\">ICE ha organizzato la partecipazione alla fiera in collaborazione con AICA &#8211; Confindustria Alberghi, con la quale ha costruito una collaborazione molto efficace e con ruoli complementari in ottica di sistema. La presenza istituzionale italiana ha avuto luogo su di un&#8217;area di circa 50 mq con un open space,e un allestimento orientato a facilitare incontri b2b tra operatori italiani ed i potenziali investitori in visita. ICE Berlino avvalendosi della collaborazione del Desk Attrazione Investimenti, \u00e8 stato presente all&#8217;evento in qualit\u00e0 di responsabile dell&#8217;iniziativa. Invitalia, partner di progetto, \u00e8 stata anch&#8217;essa presente in fiera ed ha trasmesso una sintesi dell&#8217;offerta italiana in linea con le caratteristiche dell&#8217;iniziativa.<\/p>\n<p style=\"text-align: left;\">Inoltre, il <strong>16 aprile alle ore 14.00 si \u00e8 tenuto un <a href=\"https:\/\/www.ihifemea.com\/ihifemeacom\/programme\">seminario<\/a> Paese<\/strong> organizzato da AICA- Confindustria Alberghi. Obiettivo del seminario \u00e8 stato presentare la value proposition italiana con l\u2019obiettivo di suscitare l\u2019interesse degli investitori nei confronti dell&#8217;Italia e delle sue opportunit\u00e0.\u00a0 A seguire, in serata, ha avuto luogo un evento conviviale presso l&#8217;Ambasciata italiana, che \u00e8 stato ulteriore occasione di incontro tra gli operatori interessati alla realt\u00e0 italiana.<\/p>\n<div style=\"width: 1920px;\" class=\"wp-video\"><!--[if lt IE 9]><script>document.createElement('video');<\/script><![endif]-->\n<video class=\"wp-video-shortcode\" id=\"video-54088-1\" width=\"1920\" height=\"1080\" preload=\"metadata\" controls=\"controls\"><source type=\"video\/mp4\" src=\"https:\/\/www.investinitalyrealestate.com\/wp-content\/uploads\/2024\/04\/Video-Book-IHIF-2024.mp4?_=1\" \/><a href=\"https:\/\/www.investinitalyrealestate.com\/wp-content\/uploads\/2024\/04\/Video-Book-IHIF-2024.mp4\">https:\/\/www.investinitalyrealestate.com\/wp-content\/uploads\/2024\/04\/Video-Book-IHIF-2024.mp4<\/a><\/video><\/div>\n","protected":false},"excerpt":{"rendered":"<p>&nbsp; &nbsp; &nbsp; L\u2019Agenzia ICE (Ufficio Attrazione Investimenti Esteri e Ice Berlino), nel quadro del progetto Invest in Italy (ICE, Invitalia, Maeci, Mimit) ha partecipato anche per l&#8217;anno 2024 alla fiera International Hospitality Investment Forum (IHIF), che si \u00e8 tenuta a Berlino dal 15 al 17 aprile p.v., un&#8217;importante iniziativa, a cadenza annuale, dedicata al [&hellip;]<\/p>\n","protected":false},"author":3187,"featured_media":0,"parent":0,"menu_order":0,"comment_status":"closed","ping_status":"closed","template":"tpl-progetto-2.php","meta":[],"acf":[],"yoast_head":"<!-- This site is optimized with the Yoast SEO plugin v19.0 - https:\/\/yoast.com\/wordpress\/plugins\/seo\/ -->\n<title>IHIF 2024 - ICE - Italian Trade Agency<\/title>\n<meta name=\"robots\" content=\"index, follow, max-snippet:-1, max-image-preview:large, max-video-preview:-1\" \/>\n<link rel=\"canonical\" href=\"https:\/\/www.investinitalyrealestate.com\/it\/ihif-2024\/\" \/>\n<meta property=\"og:locale\" content=\"it_IT\" \/>\n<meta property=\"og:type\" content=\"article\" \/>\n<meta property=\"og:title\" content=\"IHIF 2024 - ICE - Italian Trade Agency\" \/>\n<meta property=\"og:description\" content=\"&nbsp; &nbsp; &nbsp; L\u2019Agenzia ICE (Ufficio Attrazione Investimenti Esteri e Ice Berlino), nel quadro del progetto Invest in Italy (ICE, Invitalia, Maeci, Mimit) ha partecipato anche per l&#8217;anno 2024 alla fiera International Hospitality Investment Forum (IHIF), che si \u00e8 tenuta a Berlino dal 15 al 17 aprile p.v., un&#8217;importante iniziativa, a cadenza annuale, dedicata al [&hellip;]\" \/>\n<meta property=\"og:url\" content=\"https:\/\/www.investinitalyrealestate.com\/it\/ihif-2024\/\" \/>\n<meta property=\"og:site_name\" content=\"ICE - Italian Trade Agency\" \/>\n<meta property=\"article:modified_time\" content=\"2024-04-17T08:31:08+00:00\" \/>\n<meta property=\"og:image\" content=\"https:\/\/www.investinitalyrealestate.com\/wp-content\/uploads\/2024\/04\/Immagine2-300x237.png\" \/>\n<meta name=\"twitter:card\" content=\"summary\" \/>\n<meta name=\"twitter:label1\" content=\"Tempo di lettura stimato\" \/>\n\t<meta name=\"twitter:data1\" content=\"2 minuti\" \/>\n<script type=\"application\/ld+json\" class=\"yoast-schema-graph\">{\"@context\":\"https:\/\/schema.org\",\"@graph\":[{\"@type\":\"WebSite\",\"@id\":\"http:\/\/www.investinitalyrealestate.com\/en\/#website\",\"url\":\"http:\/\/www.investinitalyrealestate.com\/en\/\",\"name\":\"ICE - Italian Trade Agency\",\"description\":\"Piattaforma per la vendita degli immobili pubblici Italiani\",\"potentialAction\":[{\"@type\":\"SearchAction\",\"target\":{\"@type\":\"EntryPoint\",\"urlTemplate\":\"http:\/\/www.investinitalyrealestate.com\/en\/?s={search_term_string}\"},\"query-input\":\"required name=search_term_string\"}],\"inLanguage\":\"it-IT\"},{\"@type\":\"ImageObject\",\"inLanguage\":\"it-IT\",\"@id\":\"https:\/\/www.investinitalyrealestate.com\/it\/ihif-2024\/#primaryimage\",\"url\":\"https:\/\/www.investinitalyrealestate.com\/wp-content\/uploads\/2024\/04\/Immagine2-300x237.png\",\"contentUrl\":\"https:\/\/www.investinitalyrealestate.com\/wp-content\/uploads\/2024\/04\/Immagine2-300x237.png\"},{\"@type\":\"WebPage\",\"@id\":\"https:\/\/www.investinitalyrealestate.com\/it\/ihif-2024\/#webpage\",\"url\":\"https:\/\/www.investinitalyrealestate.com\/it\/ihif-2024\/\",\"name\":\"IHIF 2024 - ICE - Italian Trade Agency\",\"isPartOf\":{\"@id\":\"http:\/\/www.investinitalyrealestate.com\/en\/#website\"},\"primaryImageOfPage\":{\"@id\":\"https:\/\/www.investinitalyrealestate.com\/it\/ihif-2024\/#primaryimage\"},\"datePublished\":\"2024-04-11T15:39:19+00:00\",\"dateModified\":\"2024-04-17T08:31:08+00:00\",\"breadcrumb\":{\"@id\":\"https:\/\/www.investinitalyrealestate.com\/it\/ihif-2024\/#breadcrumb\"},\"inLanguage\":\"it-IT\",\"potentialAction\":[{\"@type\":\"ReadAction\",\"target\":[\"https:\/\/www.investinitalyrealestate.com\/it\/ihif-2024\/\"]}]},{\"@type\":\"BreadcrumbList\",\"@id\":\"https:\/\/www.investinitalyrealestate.com\/it\/ihif-2024\/#breadcrumb\",\"itemListElement\":[{\"@type\":\"ListItem\",\"position\":1,\"name\":\"Home\",\"item\":\"https:\/\/www.investinitalyrealestate.com\/it\/\"},{\"@type\":\"ListItem\",\"position\":2,\"name\":\"IHIF 2024\"}]}]}<\/script>\n<!-- \/ Yoast SEO plugin. -->","yoast_head_json":{"title":"IHIF 2024 - ICE - Italian Trade Agency","robots":{"index":"index","follow":"follow","max-snippet":"max-snippet:-1","max-image-preview":"max-image-preview:large","max-video-preview":"max-video-preview:-1"},"canonical":"https:\/\/www.investinitalyrealestate.com\/it\/ihif-2024\/","og_locale":"it_IT","og_type":"article","og_title":"IHIF 2024 - ICE - Italian Trade Agency","og_description":"&nbsp; &nbsp; &nbsp; L\u2019Agenzia ICE (Ufficio Attrazione Investimenti Esteri e Ice Berlino), nel quadro del progetto Invest in Italy (ICE, Invitalia, Maeci, Mimit) ha partecipato anche per l&#8217;anno 2024 alla fiera International Hospitality Investment Forum (IHIF), che si \u00e8 tenuta a Berlino dal 15 al 17 aprile p.v., un&#8217;importante iniziativa, a cadenza annuale, dedicata al [&hellip;]","og_url":"https:\/\/www.investinitalyrealestate.com\/it\/ihif-2024\/","og_site_name":"ICE - Italian Trade Agency","article_modified_time":"2024-04-17T08:31:08+00:00","og_image":[{"url":"https:\/\/www.investinitalyrealestate.com\/wp-content\/uploads\/2024\/04\/Immagine2-300x237.png"}],"twitter_card":"summary","twitter_misc":{"Tempo di lettura stimato":"2 minuti"},"schema":{"@context":"https:\/\/schema.org","@graph":[{"@type":"WebSite","@id":"http:\/\/www.investinitalyrealestate.com\/en\/#website","url":"http:\/\/www.investinitalyrealestate.com\/en\/","name":"ICE - Italian Trade Agency","description":"Piattaforma per la vendita degli immobili pubblici Italiani","potentialAction":[{"@type":"SearchAction","target":{"@type":"EntryPoint","urlTemplate":"http:\/\/www.investinitalyrealestate.com\/en\/?s={search_term_string}"},"query-input":"required name=search_term_string"}],"inLanguage":"it-IT"},{"@type":"ImageObject","inLanguage":"it-IT","@id":"https:\/\/www.investinitalyrealestate.com\/it\/ihif-2024\/#primaryimage","url":"https:\/\/www.investinitalyrealestate.com\/wp-content\/uploads\/2024\/04\/Immagine2-300x237.png","contentUrl":"https:\/\/www.investinitalyrealestate.com\/wp-content\/uploads\/2024\/04\/Immagine2-300x237.png"},{"@type":"WebPage","@id":"https:\/\/www.investinitalyrealestate.com\/it\/ihif-2024\/#webpage","url":"https:\/\/www.investinitalyrealestate.com\/it\/ihif-2024\/","name":"IHIF 2024 - ICE - Italian Trade Agency","isPartOf":{"@id":"http:\/\/www.investinitalyrealestate.com\/en\/#website"},"primaryImageOfPage":{"@id":"https:\/\/www.investinitalyrealestate.com\/it\/ihif-2024\/#primaryimage"},"datePublished":"2024-04-11T15:39:19+00:00","dateModified":"2024-04-17T08:31:08+00:00","breadcrumb":{"@id":"https:\/\/www.investinitalyrealestate.com\/it\/ihif-2024\/#breadcrumb"},"inLanguage":"it-IT","potentialAction":[{"@type":"ReadAction","target":["https:\/\/www.investinitalyrealestate.com\/it\/ihif-2024\/"]}]},{"@type":"BreadcrumbList","@id":"https:\/\/www.investinitalyrealestate.com\/it\/ihif-2024\/#breadcrumb","itemListElement":[{"@type":"ListItem","position":1,"name":"Home","item":"https:\/\/www.investinitalyrealestate.com\/it\/"},{"@type":"ListItem","position":2,"name":"IHIF 2024"}]}]}},"wpml_current_locale":"it_IT","wpml_translations":[],"_links":{"self":[{"href":"https:\/\/www.investinitalyrealestate.com\/it\/wp-json\/wp\/v2\/pages\/54088"}],"collection":[{"href":"https:\/\/www.investinitalyrealestate.com\/it\/wp-json\/wp\/v2\/pages"}],"about":[{"href":"https:\/\/www.investinitalyrealestate.com\/it\/wp-json\/wp\/v2\/types\/page"}],"author":[{"embeddable":true,"href":"https:\/\/www.investinitalyrealestate.com\/it\/wp-json\/wp\/v2\/users\/3187"}],"replies":[{"embeddable":true,"href":"https:\/\/www.investinitalyrealestate.com\/it\/wp-json\/wp\/v2\/comments?post=54088"}],"version-history":[{"count":31,"href":"https:\/\/www.investinitalyrealestate.com\/it\/wp-json\/wp\/v2\/pages\/54088\/revisions"}],"predecessor-version":[{"id":54526,"href":"https:\/\/www.investinitalyrealestate.com\/it\/wp-json\/wp\/v2\/pages\/54088\/revisions\/54526"}],"wp:attachment":[{"href":"https:\/\/www.investinitalyrealestate.com\/it\/wp-json\/wp\/v2\/media?parent=54088"}],"curies":[{"name":"wp","href":"https:\/\/api.w.org\/{rel}","templated":true}]}}