{"id":6,"date":"2016-02-02T10:23:43","date_gmt":"2016-02-02T09:23:43","guid":{"rendered":"https:\/\/wordpress-763711-2606952.cloudwaysapps.com\/?page_id=6"},"modified":"2022-06-07T16:48:43","modified_gmt":"2022-06-07T14:48:43","slug":"chi-siamo","status":"publish","type":"page","link":"https:\/\/www.investinitalyrealestate.com\/it\/chi-siamo\/","title":{"rendered":"Chi siamo"},"content":{"rendered":"<p>Investinitalyrealestate.com \u00e8 un portale dedicato alla presentazione di offerte di investimento in immobili pubblici, di societ\u00e0 partecipate pubbliche o partecipate pubblico-privato, destinate ad operatori italiani ed esteri.<\/p>\n<p>Il progetto \u00e8 realizzato nel quadro delle iniziative previste dal decreto \u201cSblocca Italia\u201d, finalizzate a favorire le opportunit\u00e0 di investimento in Italia; progetto realizzato \u00a0dall&#8217;ICE &#8211; Agenzia per la promozione all&#8217;estero e l&#8217;internazionalizzazione delle imprese italiane, su impulso della Presidenza del Consiglio del Ministri e del Ministero dello Sviluppo Economico, in collaborazione con il Ministero dell\u2019Economia e delle Finanze e Agenzia del Demanio.<\/p>\n<p>E&#8217; uno strumento virtuale attraverso cui poter favorire, in forma semplice e trasparente, l&#8217;interazione tra la domanda di investimenti professionali e le opportunit\u00e0 di investimento immobiliare qualificate che sono state selezionate nel patrimonio pubblico italiano tra le pi\u00f9 rilevanti in termini di localizzazione, tipologia e dimensione.<\/p>\n<p>Il portale propone opportunit\u00e0 di investimento diversificate, suddivise in due\u00a0macro-categorie: da un lato immobili pronti per una valorizzazione gi\u00e0 definita,\u00a0come palazzi storici idonei ad essere trasformati in uffici di prestigio o alberghi di\u00a0\u201ccharme\u201d; dall&#8217;altro operazioni di sviluppo immobiliare \u2013 ad esempio immobili da\u00a0trasformare o aree da edificare &#8211; la cui valorizzazione potr\u00e0 essere orientata,\u00a0verso le soluzioni pi\u00f9 adeguate e sostenibili, attraverso il confronto con il mercato\u00a0dei potenziali utilizzatori e investitori.<\/p>\n<p>Agevolare il confronto tra tutti gli stakeholders \u2013 pubblici e privati &#8211; espressi dal\u00a0territorio di riferimento di ogni operazione di sviluppo immobiliare, rappresenta\u00a0infatti uno degli elementi fondamentali che hanno ispirato la realizzazione del\u00a0portale.<\/p>\n<p>Gli immobili sono proposti in vendita o in concessione a lungo termine. Le\u00a0procedure di dismissione, indicate sulla scheda di ciascun immobile presente nel\u00a0sito, prevedono la cosiddetta \u201ctrattativa privata\u201d o l\u2019assegnazione tramite bando\u00a0pubblico.<\/p>\n<p>Per ulteriori informazioni su come investire in Italia <a href=\"https:\/\/www.ice.it\/en\/invest\/invest-italy\" target=\"_blank\" rel=\"noopener\">www.ice.it\/en\/invest\/invest-italy<\/a><\/p>\n","protected":false},"excerpt":{"rendered":"<p>Investinitalyrealestate.com \u00e8 un portale dedicato alla presentazione di offerte di investimento in immobili pubblici, di societ\u00e0 partecipate pubbliche o partecipate pubblico-privato, destinate ad operatori italiani ed esteri. Il progetto \u00e8 realizzato nel quadro delle iniziative previste dal decreto \u201cSblocca Italia\u201d, finalizzate a favorire le opportunit\u00e0 di investimento in Italia; progetto realizzato \u00a0dall&#8217;ICE &#8211; Agenzia per [&hellip;]<\/p>\n","protected":false},"author":1,"featured_media":0,"parent":0,"menu_order":1,"comment_status":"closed","ping_status":"closed","template":"","meta":[],"acf":[],"yoast_head":"<!-- This site is optimized with the Yoast SEO plugin v19.0 - https:\/\/yoast.com\/wordpress\/plugins\/seo\/ -->\n<title>Chi siamo - ICE - Italian Trade Agency<\/title>\n<meta name=\"robots\" content=\"index, follow, max-snippet:-1, max-image-preview:large, max-video-preview:-1\" \/>\n<link rel=\"canonical\" href=\"https:\/\/www.investinitalyrealestate.com\/it\/chi-siamo\/\" \/>\n<meta property=\"og:locale\" content=\"it_IT\" \/>\n<meta property=\"og:type\" content=\"article\" \/>\n<meta property=\"og:title\" content=\"Chi siamo - ICE - Italian Trade Agency\" \/>\n<meta property=\"og:description\" content=\"Investinitalyrealestate.com \u00e8 un portale dedicato alla presentazione di offerte di investimento in immobili pubblici, di societ\u00e0 partecipate pubbliche o partecipate pubblico-privato, destinate ad operatori italiani ed esteri. Il progetto \u00e8 realizzato nel quadro delle iniziative previste dal decreto \u201cSblocca Italia\u201d, finalizzate a favorire le opportunit\u00e0 di investimento in Italia; progetto realizzato \u00a0dall&#8217;ICE &#8211; Agenzia per [&hellip;]\" \/>\n<meta property=\"og:url\" content=\"https:\/\/www.investinitalyrealestate.com\/it\/chi-siamo\/\" \/>\n<meta property=\"og:site_name\" content=\"ICE - Italian Trade Agency\" \/>\n<meta property=\"article:modified_time\" content=\"2022-06-07T14:48:43+00:00\" \/>\n<meta property=\"og:image\" content=\"https:\/\/www.investinitalyrealestate.com\/wp-content\/uploads\/2016\/02\/social-home.jpg\" \/>\n<meta name=\"twitter:card\" content=\"summary\" \/>\n<meta name=\"twitter:label1\" content=\"Tempo di lettura stimato\" \/>\n\t<meta name=\"twitter:data1\" content=\"1 minuto\" \/>\n<script type=\"application\/ld+json\" class=\"yoast-schema-graph\">{\"@context\":\"https:\/\/schema.org\",\"@graph\":[{\"@type\":\"WebSite\",\"@id\":\"http:\/\/www.investinitalyrealestate.com\/en\/#website\",\"url\":\"http:\/\/www.investinitalyrealestate.com\/en\/\",\"name\":\"ICE - Italian Trade Agency\",\"description\":\"Piattaforma per la vendita degli immobili pubblici Italiani\",\"potentialAction\":[{\"@type\":\"SearchAction\",\"target\":{\"@type\":\"EntryPoint\",\"urlTemplate\":\"http:\/\/www.investinitalyrealestate.com\/en\/?s={search_term_string}\"},\"query-input\":\"required name=search_term_string\"}],\"inLanguage\":\"it-IT\"},{\"@type\":\"WebPage\",\"@id\":\"https:\/\/www.investinitalyrealestate.com\/it\/chi-siamo\/#webpage\",\"url\":\"https:\/\/www.investinitalyrealestate.com\/it\/chi-siamo\/\",\"name\":\"Chi siamo - ICE - Italian Trade Agency\",\"isPartOf\":{\"@id\":\"http:\/\/www.investinitalyrealestate.com\/en\/#website\"},\"datePublished\":\"2016-02-02T09:23:43+00:00\",\"dateModified\":\"2022-06-07T14:48:43+00:00\",\"breadcrumb\":{\"@id\":\"https:\/\/www.investinitalyrealestate.com\/it\/chi-siamo\/#breadcrumb\"},\"inLanguage\":\"it-IT\",\"potentialAction\":[{\"@type\":\"ReadAction\",\"target\":[\"https:\/\/www.investinitalyrealestate.com\/it\/chi-siamo\/\"]}]},{\"@type\":\"BreadcrumbList\",\"@id\":\"https:\/\/www.investinitalyrealestate.com\/it\/chi-siamo\/#breadcrumb\",\"itemListElement\":[{\"@type\":\"ListItem\",\"position\":1,\"name\":\"Home\",\"item\":\"https:\/\/www.investinitalyrealestate.com\/it\/\"},{\"@type\":\"ListItem\",\"position\":2,\"name\":\"Chi siamo\"}]}]}<\/script>\n<!-- \/ Yoast SEO plugin. -->","yoast_head_json":{"title":"Chi siamo - ICE - Italian Trade Agency","robots":{"index":"index","follow":"follow","max-snippet":"max-snippet:-1","max-image-preview":"max-image-preview:large","max-video-preview":"max-video-preview:-1"},"canonical":"https:\/\/www.investinitalyrealestate.com\/it\/chi-siamo\/","og_locale":"it_IT","og_type":"article","og_title":"Chi siamo - ICE - Italian Trade Agency","og_description":"Investinitalyrealestate.com \u00e8 un portale dedicato alla presentazione di offerte di investimento in immobili pubblici, di societ\u00e0 partecipate pubbliche o partecipate pubblico-privato, destinate ad operatori italiani ed esteri. Il progetto \u00e8 realizzato nel quadro delle iniziative previste dal decreto \u201cSblocca Italia\u201d, finalizzate a favorire le opportunit\u00e0 di investimento in Italia; progetto realizzato \u00a0dall&#8217;ICE &#8211; Agenzia per [&hellip;]","og_url":"https:\/\/www.investinitalyrealestate.com\/it\/chi-siamo\/","og_site_name":"ICE - Italian Trade Agency","article_modified_time":"2022-06-07T14:48:43+00:00","og_image":[{"url":"https:\/\/www.investinitalyrealestate.com\/wp-content\/uploads\/2016\/02\/social-home.jpg"}],"twitter_card":"summary","twitter_misc":{"Tempo di lettura stimato":"1 minuto"},"schema":{"@context":"https:\/\/schema.org","@graph":[{"@type":"WebSite","@id":"http:\/\/www.investinitalyrealestate.com\/en\/#website","url":"http:\/\/www.investinitalyrealestate.com\/en\/","name":"ICE - Italian Trade Agency","description":"Piattaforma per la vendita degli immobili pubblici Italiani","potentialAction":[{"@type":"SearchAction","target":{"@type":"EntryPoint","urlTemplate":"http:\/\/www.investinitalyrealestate.com\/en\/?s={search_term_string}"},"query-input":"required name=search_term_string"}],"inLanguage":"it-IT"},{"@type":"WebPage","@id":"https:\/\/www.investinitalyrealestate.com\/it\/chi-siamo\/#webpage","url":"https:\/\/www.investinitalyrealestate.com\/it\/chi-siamo\/","name":"Chi siamo - ICE - Italian Trade Agency","isPartOf":{"@id":"http:\/\/www.investinitalyrealestate.com\/en\/#website"},"datePublished":"2016-02-02T09:23:43+00:00","dateModified":"2022-06-07T14:48:43+00:00","breadcrumb":{"@id":"https:\/\/www.investinitalyrealestate.com\/it\/chi-siamo\/#breadcrumb"},"inLanguage":"it-IT","potentialAction":[{"@type":"ReadAction","target":["https:\/\/www.investinitalyrealestate.com\/it\/chi-siamo\/"]}]},{"@type":"BreadcrumbList","@id":"https:\/\/www.investinitalyrealestate.com\/it\/chi-siamo\/#breadcrumb","itemListElement":[{"@type":"ListItem","position":1,"name":"Home","item":"https:\/\/www.investinitalyrealestate.com\/it\/"},{"@type":"ListItem","position":2,"name":"Chi siamo"}]}]}},"wpml_current_locale":"it_IT","wpml_translations":[],"_links":{"self":[{"href":"https:\/\/www.investinitalyrealestate.com\/it\/wp-json\/wp\/v2\/pages\/6"}],"collection":[{"href":"https:\/\/www.investinitalyrealestate.com\/it\/wp-json\/wp\/v2\/pages"}],"about":[{"href":"https:\/\/www.investinitalyrealestate.com\/it\/wp-json\/wp\/v2\/types\/page"}],"author":[{"embeddable":true,"href":"https:\/\/www.investinitalyrealestate.com\/it\/wp-json\/wp\/v2\/users\/1"}],"replies":[{"embeddable":true,"href":"https:\/\/www.investinitalyrealestate.com\/it\/wp-json\/wp\/v2\/comments?post=6"}],"version-history":[{"count":21,"href":"https:\/\/www.investinitalyrealestate.com\/it\/wp-json\/wp\/v2\/pages\/6\/revisions"}],"predecessor-version":[{"id":40867,"href":"https:\/\/www.investinitalyrealestate.com\/it\/wp-json\/wp\/v2\/pages\/6\/revisions\/40867"}],"wp:attachment":[{"href":"https:\/\/www.investinitalyrealestate.com\/it\/wp-json\/wp\/v2\/media?parent=6"}],"curies":[{"name":"wp","href":"https:\/\/api.w.org\/{rel}","templated":true}]}}