{"id":61816,"date":"2025-03-14T13:01:13","date_gmt":"2025-03-14T12:01:13","guid":{"rendered":"https:\/\/www.investinitalyrealestate.com\/?page_id=61816"},"modified":"2025-04-03T09:30:27","modified_gmt":"2025-04-03T07:30:27","slug":"ihif-2025","status":"publish","type":"page","link":"https:\/\/www.investinitalyrealestate.com\/it\/ihif-2025\/","title":{"rendered":"IHIF 2025 &#8211; Dettagli"},"content":{"rendered":"<p>&nbsp;<\/p>\n<p><a href=\"https:\/\/www.investinitalyrealestate.com\/it\/home\/ihif-2025-logo\/\" rel=\"attachment wp-att-61893\"><img loading=\"lazy\" class=\" wp-image-61893 aligncenter\" src=\"https:\/\/www.investinitalyrealestate.com\/wp-content\/uploads\/2025\/03\/IHIF-2025-logo-300x147.jpg\" alt=\"\" width=\"402\" height=\"197\" srcset=\"https:\/\/www.investinitalyrealestate.com\/wp-content\/uploads\/2025\/03\/IHIF-2025-logo-300x147.jpg 300w, https:\/\/www.investinitalyrealestate.com\/wp-content\/uploads\/2025\/03\/IHIF-2025-logo.jpg 417w\" sizes=\"(max-width: 402px) 100vw, 402px\" \/><\/a><\/p>\n<p>&nbsp;<\/p>\n<p>&nbsp;<\/p>\n<p style=\"text-align: left;\">L&#8217;International Hospitality Investment Forum EMEA (IHIF EMEA) \u00e8 il principale evento internazionale per i professionisti degli investimenti alberghieri. Sono stati presenti interlocutori leader dell&#8217;ospitalit\u00e0 provenienti da Europa, Medio Oriente e Africa. IHIF EMEA mira a plasmare il futuro del settore alberghiero con tre giorni di contenuti, networking, approfondimenti e accordi. IHIF EMEA si \u00e8 svolto a Berlino dal 31 marzo al 2 aprile 2025 presso gli hotel InterContinental e Pullman di Berlino.<\/p>\n<p style=\"text-align: left;\">L\u2019<strong>Agenzia ICE<\/strong> (Ufficio Attrazione Investimenti Esteri e Ice Berlino), nel quadro del progetto <em>Invest in Italy<\/em> (ICE, Invitalia, Maeci, Mimit) ha partecipato anche per l&#8217;anno 2025 a <strong>IHIF<\/strong>\u00a0un&#8217;importante iniziativa, a cadenza annuale, dedicata al real estate turistico ed in particolare riservata a presentare agli investitori internazionali le possibilit\u00e0 di investimento nei settori alberghiero e dell&#8217;<em>Hospitality <\/em>italiani.<\/p>\n<p style=\"text-align: left;\">La partecipazione \u00e8 giunta al suo ottavo anno e costituisce un valido strumento per promuovere il portafoglio di opportunit\u00e0 italiane e per evidenziare la collaborazione fra il settore pubblico e privato in un settore, quello dell&#8217;ospitalit\u00e0, molto rilevante per il nostro Paese. L\u2019Italia si conferma infatti attrattiva per gli investimenti esteri nel settore dell&#8217;ospitalit\u00e0, grazie alla sua popolarit\u00e0 come destinazione turistica.<\/p>\n<p style=\"text-align: left;\">ICE ha organizzato la partecipazione alla manifestazione\u00a0 in collaborazione con AICA &#8211; Associazione Italiana Confindustria Alberghi, con la quale ha costruito una collaborazione molto efficace e con ruoli complementari in ottica di sistema. La presenza istituzionale italiana ha avuto luogo su di un&#8217;area di circa 50 mq con un open space, e un allestimento orientato a facilitare incontri b2b tra operatori italiani ed i potenziali investitori in visita. ICE Berlino avvalendosi della collaborazione del Desk Attrazione Investimenti, \u00e8 stato presente all&#8217;evento in qualit\u00e0 di responsabile dell&#8217;iniziativa. Invitalia, partner di progetto, \u00e8 stata anch&#8217;essa presente in fiera con una sintesi dell&#8217;offerta italiana in linea con le caratteristiche dell&#8217;iniziativa.<\/p>\n<p>Nella giornata dell\u20191 aprile alle ore 12 \u2013 12,45 si \u00e8 svolta una tavola rotonda dedicata a presentare l\u2019offerta italiana, che ha avuto come relatori \u00a0il responsabile del desk AIE di ICE Berlino, un rappresentante di Invitalia, ed alcuni rappresentanti dell\u2019Associazione AICA.<\/p>\n<p>&nbsp;<\/p>\n<p>&nbsp;<\/p>\n<h3 style=\"text-align: center;\">SCOPRI DI PIU&#8217;<\/h3>\n<p style=\"text-align: center;\"><div class=\"_df_book df-container df-loading \" id=\"df_62149\"  title=\"ihif-2025-opportunities\" wpoptions=\"true\" thumbtype=\"bg\" ><\/div><script data-cfasync=\"false\">var option_df_62149 = {\"outline\":[{\"title\":\"Summary\",\"dest\":\"3\"},{\"title\":\"Porto VIVO - Trieste\",\"dest\":\"5\"},{\"title\":\"Waterfront - Chioggia\",\"dest\":\"6\"},{\"title\":\"Tuscolana - Roma\",\"dest\":\"7\"},{\"title\":\"Polverificio - Naples\",\"dest\":\"8\"},{\"title\":\"Naval College - Brindisi\",\"dest\":\"9\"},{\"title\":\"Arenella - Palermo\",\"dest\":\"10\"},{\"title\":\"Former Orphanage - Como\",\"dest\":\"12\"},{\"title\":\"Quarto Hospital - Genoa\",\"dest\":\"13\"},{\"title\":\"Wellness Factory - Rimini\",\"dest\":\"14\"}],\"forceFit\":\"true\",\"autoEnableOutline\":\"true\",\"autoEnableThumbnail\":\"false\",\"overwritePDFOutline\":\"true\",\"direction\":\"1\",\"pageMode\":\"0\",\"source\":\"https:\\\/\\\/www.investinitalyrealestate.com\\\/wp-content\\\/uploads\\\/2025\\\/03\\\/Book-IHIF-2025.pdf\",\"wpOptions\":\"true\"}; if(window.DFLIP && DFLIP.parseBooks){DFLIP.parseBooks();}<\/script><\/p>\n","protected":false},"excerpt":{"rendered":"<p>&nbsp; &nbsp; &nbsp; L&#8217;International Hospitality Investment Forum EMEA (IHIF EMEA) \u00e8 il principale evento internazionale per i professionisti degli investimenti alberghieri. Sono stati presenti interlocutori leader dell&#8217;ospitalit\u00e0 provenienti da Europa, Medio Oriente e Africa. IHIF EMEA mira a plasmare il futuro del settore alberghiero con tre giorni di contenuti, networking, approfondimenti e accordi. IHIF EMEA [&hellip;]<\/p>\n","protected":false},"author":2412,"featured_media":0,"parent":0,"menu_order":0,"comment_status":"closed","ping_status":"closed","template":"tpl-progetto-2.php","meta":[],"acf":[],"yoast_head":"<!-- This site is optimized with the Yoast SEO plugin v19.0 - https:\/\/yoast.com\/wordpress\/plugins\/seo\/ -->\n<title>IHIF 2025 - Dettagli - ICE - Italian Trade Agency<\/title>\n<meta name=\"robots\" content=\"index, follow, max-snippet:-1, max-image-preview:large, max-video-preview:-1\" \/>\n<link rel=\"canonical\" href=\"https:\/\/www.investinitalyrealestate.com\/it\/ihif-2025\/\" \/>\n<meta property=\"og:locale\" content=\"it_IT\" \/>\n<meta property=\"og:type\" content=\"article\" \/>\n<meta property=\"og:title\" content=\"IHIF 2025 - Dettagli - ICE - Italian Trade Agency\" \/>\n<meta property=\"og:description\" content=\"&nbsp; &nbsp; &nbsp; L&#8217;International Hospitality Investment Forum EMEA (IHIF EMEA) \u00e8 il principale evento internazionale per i professionisti degli investimenti alberghieri. Sono stati presenti interlocutori leader dell&#8217;ospitalit\u00e0 provenienti da Europa, Medio Oriente e Africa. IHIF EMEA mira a plasmare il futuro del settore alberghiero con tre giorni di contenuti, networking, approfondimenti e accordi. IHIF EMEA [&hellip;]\" \/>\n<meta property=\"og:url\" content=\"https:\/\/www.investinitalyrealestate.com\/it\/ihif-2025\/\" \/>\n<meta property=\"og:site_name\" content=\"ICE - Italian Trade Agency\" \/>\n<meta property=\"article:modified_time\" content=\"2025-04-03T07:30:27+00:00\" \/>\n<meta property=\"og:image\" content=\"https:\/\/www.investinitalyrealestate.com\/wp-content\/uploads\/2025\/03\/IHIF-2025-logo-300x147.jpg\" \/>\n<meta name=\"twitter:card\" content=\"summary\" \/>\n<meta name=\"twitter:label1\" content=\"Tempo di lettura stimato\" \/>\n\t<meta name=\"twitter:data1\" content=\"2 minuti\" \/>\n<script type=\"application\/ld+json\" class=\"yoast-schema-graph\">{\"@context\":\"https:\/\/schema.org\",\"@graph\":[{\"@type\":\"WebSite\",\"@id\":\"http:\/\/www.investinitalyrealestate.com\/en\/#website\",\"url\":\"http:\/\/www.investinitalyrealestate.com\/en\/\",\"name\":\"ICE - Italian Trade Agency\",\"description\":\"Piattaforma per la vendita degli immobili pubblici Italiani\",\"potentialAction\":[{\"@type\":\"SearchAction\",\"target\":{\"@type\":\"EntryPoint\",\"urlTemplate\":\"http:\/\/www.investinitalyrealestate.com\/en\/?s={search_term_string}\"},\"query-input\":\"required name=search_term_string\"}],\"inLanguage\":\"it-IT\"},{\"@type\":\"ImageObject\",\"inLanguage\":\"it-IT\",\"@id\":\"https:\/\/www.investinitalyrealestate.com\/it\/ihif-2025\/#primaryimage\",\"url\":\"https:\/\/www.investinitalyrealestate.com\/wp-content\/uploads\/2025\/03\/IHIF-2025-logo-300x147.jpg\",\"contentUrl\":\"https:\/\/www.investinitalyrealestate.com\/wp-content\/uploads\/2025\/03\/IHIF-2025-logo-300x147.jpg\"},{\"@type\":\"WebPage\",\"@id\":\"https:\/\/www.investinitalyrealestate.com\/it\/ihif-2025\/#webpage\",\"url\":\"https:\/\/www.investinitalyrealestate.com\/it\/ihif-2025\/\",\"name\":\"IHIF 2025 - Dettagli - ICE - Italian Trade Agency\",\"isPartOf\":{\"@id\":\"http:\/\/www.investinitalyrealestate.com\/en\/#website\"},\"primaryImageOfPage\":{\"@id\":\"https:\/\/www.investinitalyrealestate.com\/it\/ihif-2025\/#primaryimage\"},\"datePublished\":\"2025-03-14T12:01:13+00:00\",\"dateModified\":\"2025-04-03T07:30:27+00:00\",\"breadcrumb\":{\"@id\":\"https:\/\/www.investinitalyrealestate.com\/it\/ihif-2025\/#breadcrumb\"},\"inLanguage\":\"it-IT\",\"potentialAction\":[{\"@type\":\"ReadAction\",\"target\":[\"https:\/\/www.investinitalyrealestate.com\/it\/ihif-2025\/\"]}]},{\"@type\":\"BreadcrumbList\",\"@id\":\"https:\/\/www.investinitalyrealestate.com\/it\/ihif-2025\/#breadcrumb\",\"itemListElement\":[{\"@type\":\"ListItem\",\"position\":1,\"name\":\"Home\",\"item\":\"https:\/\/www.investinitalyrealestate.com\/it\/\"},{\"@type\":\"ListItem\",\"position\":2,\"name\":\"IHIF 2025 &#8211; Dettagli\"}]}]}<\/script>\n<!-- \/ Yoast SEO plugin. -->","yoast_head_json":{"title":"IHIF 2025 - Dettagli - ICE - Italian Trade Agency","robots":{"index":"index","follow":"follow","max-snippet":"max-snippet:-1","max-image-preview":"max-image-preview:large","max-video-preview":"max-video-preview:-1"},"canonical":"https:\/\/www.investinitalyrealestate.com\/it\/ihif-2025\/","og_locale":"it_IT","og_type":"article","og_title":"IHIF 2025 - Dettagli - ICE - Italian Trade Agency","og_description":"&nbsp; &nbsp; &nbsp; L&#8217;International Hospitality Investment Forum EMEA (IHIF EMEA) \u00e8 il principale evento internazionale per i professionisti degli investimenti alberghieri. Sono stati presenti interlocutori leader dell&#8217;ospitalit\u00e0 provenienti da Europa, Medio Oriente e Africa. IHIF EMEA mira a plasmare il futuro del settore alberghiero con tre giorni di contenuti, networking, approfondimenti e accordi. IHIF EMEA [&hellip;]","og_url":"https:\/\/www.investinitalyrealestate.com\/it\/ihif-2025\/","og_site_name":"ICE - Italian Trade Agency","article_modified_time":"2025-04-03T07:30:27+00:00","og_image":[{"url":"https:\/\/www.investinitalyrealestate.com\/wp-content\/uploads\/2025\/03\/IHIF-2025-logo-300x147.jpg"}],"twitter_card":"summary","twitter_misc":{"Tempo di lettura stimato":"2 minuti"},"schema":{"@context":"https:\/\/schema.org","@graph":[{"@type":"WebSite","@id":"http:\/\/www.investinitalyrealestate.com\/en\/#website","url":"http:\/\/www.investinitalyrealestate.com\/en\/","name":"ICE - Italian Trade Agency","description":"Piattaforma per la vendita degli immobili pubblici Italiani","potentialAction":[{"@type":"SearchAction","target":{"@type":"EntryPoint","urlTemplate":"http:\/\/www.investinitalyrealestate.com\/en\/?s={search_term_string}"},"query-input":"required name=search_term_string"}],"inLanguage":"it-IT"},{"@type":"ImageObject","inLanguage":"it-IT","@id":"https:\/\/www.investinitalyrealestate.com\/it\/ihif-2025\/#primaryimage","url":"https:\/\/www.investinitalyrealestate.com\/wp-content\/uploads\/2025\/03\/IHIF-2025-logo-300x147.jpg","contentUrl":"https:\/\/www.investinitalyrealestate.com\/wp-content\/uploads\/2025\/03\/IHIF-2025-logo-300x147.jpg"},{"@type":"WebPage","@id":"https:\/\/www.investinitalyrealestate.com\/it\/ihif-2025\/#webpage","url":"https:\/\/www.investinitalyrealestate.com\/it\/ihif-2025\/","name":"IHIF 2025 - Dettagli - ICE - Italian Trade Agency","isPartOf":{"@id":"http:\/\/www.investinitalyrealestate.com\/en\/#website"},"primaryImageOfPage":{"@id":"https:\/\/www.investinitalyrealestate.com\/it\/ihif-2025\/#primaryimage"},"datePublished":"2025-03-14T12:01:13+00:00","dateModified":"2025-04-03T07:30:27+00:00","breadcrumb":{"@id":"https:\/\/www.investinitalyrealestate.com\/it\/ihif-2025\/#breadcrumb"},"inLanguage":"it-IT","potentialAction":[{"@type":"ReadAction","target":["https:\/\/www.investinitalyrealestate.com\/it\/ihif-2025\/"]}]},{"@type":"BreadcrumbList","@id":"https:\/\/www.investinitalyrealestate.com\/it\/ihif-2025\/#breadcrumb","itemListElement":[{"@type":"ListItem","position":1,"name":"Home","item":"https:\/\/www.investinitalyrealestate.com\/it\/"},{"@type":"ListItem","position":2,"name":"IHIF 2025 &#8211; Dettagli"}]}]}},"wpml_current_locale":"it_IT","wpml_translations":[],"_links":{"self":[{"href":"https:\/\/www.investinitalyrealestate.com\/it\/wp-json\/wp\/v2\/pages\/61816"}],"collection":[{"href":"https:\/\/www.investinitalyrealestate.com\/it\/wp-json\/wp\/v2\/pages"}],"about":[{"href":"https:\/\/www.investinitalyrealestate.com\/it\/wp-json\/wp\/v2\/types\/page"}],"author":[{"embeddable":true,"href":"https:\/\/www.investinitalyrealestate.com\/it\/wp-json\/wp\/v2\/users\/2412"}],"replies":[{"embeddable":true,"href":"https:\/\/www.investinitalyrealestate.com\/it\/wp-json\/wp\/v2\/comments?post=61816"}],"version-history":[{"count":11,"href":"https:\/\/www.investinitalyrealestate.com\/it\/wp-json\/wp\/v2\/pages\/61816\/revisions"}],"predecessor-version":[{"id":62169,"href":"https:\/\/www.investinitalyrealestate.com\/it\/wp-json\/wp\/v2\/pages\/61816\/revisions\/62169"}],"wp:attachment":[{"href":"https:\/\/www.investinitalyrealestate.com\/it\/wp-json\/wp\/v2\/media?parent=61816"}],"curies":[{"name":"wp","href":"https:\/\/api.w.org\/{rel}","templated":true}]}}