{"id":6281,"date":"2016-02-27T09:49:25","date_gmt":"2016-02-27T08:49:25","guid":{"rendered":"https:\/\/wordpress-763711-2606952.cloudwaysapps.com\/?page_id=6281"},"modified":"2018-10-23T13:42:47","modified_gmt":"2018-10-23T11:42:47","slug":"copyright-notice","status":"publish","type":"page","link":"https:\/\/www.investinitalyrealestate.com\/it\/copyright-notice\/","title":{"rendered":"Avviso di Copyright"},"content":{"rendered":"<p>Le immagini in questo sito web sono state fornite direttamente dai rispettivi amministratori e proprietari degli edifici elencati e tutti i diritti sono riservati ai relativi titolari.<\/p>\n<p>Tutti i marchi ed i loghi che compaiono sul sito sono di propriet\u00e0 dei rispettivi proprietari.<\/p>\n<p>L&#8217;uso dei materiali protetti da copyright in questo sito, nell&#8217;eventualit\u00e0, \u00e8 di tipo FAIR USE, unicamente a titolo di informazione generale.<\/p>\n<p>Se si ritiene che un contenuto di questo sito non venga utilizzato correttamente, contattateci prontamente all&#8217;indirizzo realestate@ice.it prima di agire qualsiasi reclamo di violazione.<\/p>\n<p>Ogni eventuale violazione non \u00e8 stata volontaria e, se opportunamente informati, provvederemo immediatamente alla rimozione del materiale in oggetto.<\/p>\n","protected":false},"excerpt":{"rendered":"<p>Le immagini in questo sito web sono state fornite direttamente dai rispettivi amministratori e proprietari degli edifici elencati e tutti i diritti sono riservati ai relativi titolari. Tutti i marchi ed i loghi che compaiono sul sito sono di propriet\u00e0 dei rispettivi proprietari. L&#8217;uso dei materiali protetti da copyright in questo sito, nell&#8217;eventualit\u00e0, \u00e8 di [&hellip;]<\/p>\n","protected":false},"author":1,"featured_media":0,"parent":0,"menu_order":0,"comment_status":"closed","ping_status":"closed","template":"","meta":[],"acf":[],"yoast_head":"<!-- This site is optimized with the Yoast SEO plugin v19.0 - https:\/\/yoast.com\/wordpress\/plugins\/seo\/ -->\n<title>Avviso di Copyright - ICE - Italian Trade Agency<\/title>\n<meta name=\"robots\" content=\"index, follow, max-snippet:-1, max-image-preview:large, max-video-preview:-1\" \/>\n<link rel=\"canonical\" href=\"https:\/\/www.investinitalyrealestate.com\/it\/copyright-notice\/\" \/>\n<meta property=\"og:locale\" content=\"it_IT\" \/>\n<meta property=\"og:type\" content=\"article\" \/>\n<meta property=\"og:title\" content=\"Avviso di Copyright - ICE - Italian Trade Agency\" \/>\n<meta property=\"og:description\" content=\"Le immagini in questo sito web sono state fornite direttamente dai rispettivi amministratori e proprietari degli edifici elencati e tutti i diritti sono riservati ai relativi titolari. Tutti i marchi ed i loghi che compaiono sul sito sono di propriet\u00e0 dei rispettivi proprietari. L&#8217;uso dei materiali protetti da copyright in questo sito, nell&#8217;eventualit\u00e0, \u00e8 di [&hellip;]\" \/>\n<meta property=\"og:url\" content=\"https:\/\/www.investinitalyrealestate.com\/it\/copyright-notice\/\" \/>\n<meta property=\"og:site_name\" content=\"ICE - Italian Trade Agency\" \/>\n<meta property=\"article:modified_time\" content=\"2018-10-23T11:42:47+00:00\" \/>\n<meta property=\"og:image\" content=\"https:\/\/www.investinitalyrealestate.com\/wp-content\/uploads\/2016\/02\/social-home.jpg\" \/>\n<meta name=\"twitter:card\" content=\"summary\" \/>\n<meta name=\"twitter:label1\" content=\"Tempo di lettura stimato\" \/>\n\t<meta name=\"twitter:data1\" content=\"1 minuto\" \/>\n<script type=\"application\/ld+json\" class=\"yoast-schema-graph\">{\"@context\":\"https:\/\/schema.org\",\"@graph\":[{\"@type\":\"WebSite\",\"@id\":\"http:\/\/www.investinitalyrealestate.com\/en\/#website\",\"url\":\"http:\/\/www.investinitalyrealestate.com\/en\/\",\"name\":\"ICE - Italian Trade Agency\",\"description\":\"Piattaforma per la vendita degli immobili pubblici Italiani\",\"potentialAction\":[{\"@type\":\"SearchAction\",\"target\":{\"@type\":\"EntryPoint\",\"urlTemplate\":\"http:\/\/www.investinitalyrealestate.com\/en\/?s={search_term_string}\"},\"query-input\":\"required name=search_term_string\"}],\"inLanguage\":\"it-IT\"},{\"@type\":\"WebPage\",\"@id\":\"https:\/\/www.investinitalyrealestate.com\/it\/copyright-notice\/#webpage\",\"url\":\"https:\/\/www.investinitalyrealestate.com\/it\/copyright-notice\/\",\"name\":\"Avviso di Copyright - ICE - Italian Trade Agency\",\"isPartOf\":{\"@id\":\"http:\/\/www.investinitalyrealestate.com\/en\/#website\"},\"datePublished\":\"2016-02-27T08:49:25+00:00\",\"dateModified\":\"2018-10-23T11:42:47+00:00\",\"breadcrumb\":{\"@id\":\"https:\/\/www.investinitalyrealestate.com\/it\/copyright-notice\/#breadcrumb\"},\"inLanguage\":\"it-IT\",\"potentialAction\":[{\"@type\":\"ReadAction\",\"target\":[\"https:\/\/www.investinitalyrealestate.com\/it\/copyright-notice\/\"]}]},{\"@type\":\"BreadcrumbList\",\"@id\":\"https:\/\/www.investinitalyrealestate.com\/it\/copyright-notice\/#breadcrumb\",\"itemListElement\":[{\"@type\":\"ListItem\",\"position\":1,\"name\":\"Home\",\"item\":\"https:\/\/www.investinitalyrealestate.com\/it\/\"},{\"@type\":\"ListItem\",\"position\":2,\"name\":\"Avviso di Copyright\"}]}]}<\/script>\n<!-- \/ Yoast SEO plugin. -->","yoast_head_json":{"title":"Avviso di Copyright - ICE - Italian Trade Agency","robots":{"index":"index","follow":"follow","max-snippet":"max-snippet:-1","max-image-preview":"max-image-preview:large","max-video-preview":"max-video-preview:-1"},"canonical":"https:\/\/www.investinitalyrealestate.com\/it\/copyright-notice\/","og_locale":"it_IT","og_type":"article","og_title":"Avviso di Copyright - ICE - Italian Trade Agency","og_description":"Le immagini in questo sito web sono state fornite direttamente dai rispettivi amministratori e proprietari degli edifici elencati e tutti i diritti sono riservati ai relativi titolari. Tutti i marchi ed i loghi che compaiono sul sito sono di propriet\u00e0 dei rispettivi proprietari. L&#8217;uso dei materiali protetti da copyright in questo sito, nell&#8217;eventualit\u00e0, \u00e8 di [&hellip;]","og_url":"https:\/\/www.investinitalyrealestate.com\/it\/copyright-notice\/","og_site_name":"ICE - Italian Trade Agency","article_modified_time":"2018-10-23T11:42:47+00:00","og_image":[{"url":"https:\/\/www.investinitalyrealestate.com\/wp-content\/uploads\/2016\/02\/social-home.jpg"}],"twitter_card":"summary","twitter_misc":{"Tempo di lettura stimato":"1 minuto"},"schema":{"@context":"https:\/\/schema.org","@graph":[{"@type":"WebSite","@id":"http:\/\/www.investinitalyrealestate.com\/en\/#website","url":"http:\/\/www.investinitalyrealestate.com\/en\/","name":"ICE - Italian Trade Agency","description":"Piattaforma per la vendita degli immobili pubblici Italiani","potentialAction":[{"@type":"SearchAction","target":{"@type":"EntryPoint","urlTemplate":"http:\/\/www.investinitalyrealestate.com\/en\/?s={search_term_string}"},"query-input":"required name=search_term_string"}],"inLanguage":"it-IT"},{"@type":"WebPage","@id":"https:\/\/www.investinitalyrealestate.com\/it\/copyright-notice\/#webpage","url":"https:\/\/www.investinitalyrealestate.com\/it\/copyright-notice\/","name":"Avviso di Copyright - ICE - Italian Trade Agency","isPartOf":{"@id":"http:\/\/www.investinitalyrealestate.com\/en\/#website"},"datePublished":"2016-02-27T08:49:25+00:00","dateModified":"2018-10-23T11:42:47+00:00","breadcrumb":{"@id":"https:\/\/www.investinitalyrealestate.com\/it\/copyright-notice\/#breadcrumb"},"inLanguage":"it-IT","potentialAction":[{"@type":"ReadAction","target":["https:\/\/www.investinitalyrealestate.com\/it\/copyright-notice\/"]}]},{"@type":"BreadcrumbList","@id":"https:\/\/www.investinitalyrealestate.com\/it\/copyright-notice\/#breadcrumb","itemListElement":[{"@type":"ListItem","position":1,"name":"Home","item":"https:\/\/www.investinitalyrealestate.com\/it\/"},{"@type":"ListItem","position":2,"name":"Avviso di Copyright"}]}]}},"wpml_current_locale":"it_IT","wpml_translations":[],"_links":{"self":[{"href":"https:\/\/www.investinitalyrealestate.com\/it\/wp-json\/wp\/v2\/pages\/6281"}],"collection":[{"href":"https:\/\/www.investinitalyrealestate.com\/it\/wp-json\/wp\/v2\/pages"}],"about":[{"href":"https:\/\/www.investinitalyrealestate.com\/it\/wp-json\/wp\/v2\/types\/page"}],"author":[{"embeddable":true,"href":"https:\/\/www.investinitalyrealestate.com\/it\/wp-json\/wp\/v2\/users\/1"}],"replies":[{"embeddable":true,"href":"https:\/\/www.investinitalyrealestate.com\/it\/wp-json\/wp\/v2\/comments?post=6281"}],"version-history":[{"count":8,"href":"https:\/\/www.investinitalyrealestate.com\/it\/wp-json\/wp\/v2\/pages\/6281\/revisions"}],"predecessor-version":[{"id":28613,"href":"https:\/\/www.investinitalyrealestate.com\/it\/wp-json\/wp\/v2\/pages\/6281\/revisions\/28613"}],"wp:attachment":[{"href":"https:\/\/www.investinitalyrealestate.com\/it\/wp-json\/wp\/v2\/media?parent=6281"}],"curies":[{"name":"wp","href":"https:\/\/api.w.org\/{rel}","templated":true}]}}