{"id":67307,"date":"2026-01-30T10:55:39","date_gmt":"2026-01-30T09:55:39","guid":{"rendered":"https:\/\/www.investinitalyrealestate.com\/?page_id=67307"},"modified":"2026-03-26T15:09:29","modified_gmt":"2026-03-26T14:09:29","slug":"ihif-2026","status":"publish","type":"page","link":"https:\/\/www.investinitalyrealestate.com\/it\/ihif-2026\/","title":{"rendered":"IHIF 2026 &#8211; Dettagli"},"content":{"rendered":"<p><a href=\"https:\/\/www.investinitalyrealestate.com\/it\/ihif-ffff\/\"><img loading=\"lazy\" width=\"294\" height=\"132\" class=\"size-full wp-image-54482 aligncenter\" src=\"http:\/\/www.investinitalyrealestate.com\/wp-content\/uploads\/2024\/04\/IHIF-FFFF-e1713196494256.jpg\" alt=\"\" \/><\/a><\/p>\n<p>L&#8217;Agenzia ICE, nell&#8217;ambito del progetto Invest in Italy (ICE, Invitalia, Ministero degli Affari Esteri, Ministero delle Imprese e Made in Italy), parteciper\u00e0 per l&#8217;anno 2026 all&#8217;International Hospitality Investment Forum (IHIF) di Berlino, dal 23 al 25 marzo. Si tratta di un&#8217;importante iniziativa annuale, dedicata al settore immobiliare stagionale, e in particolare riservata alla presentazione delle opportunit\u00e0 di investimento nel settore alberghiero e dell&#8217;ospitalit\u00e0 agli investitori internazionali.<\/p>\n<p>La partecipazione, giunta alla sua nona edizione, rappresenta un prezioso strumento per promuovere nello &#8220;Spazio Italia&#8221; (Gartenlounge 1) il portfolio di opportunit\u00e0 italiane e per evidenziare la collaborazione tra settore pubblico e privato nel settore dell&#8217;ospitalit\u00e0, fondamentale per il Paese, poich\u00e9 l&#8217;Italia continua ad essere attraente per gli investimenti esteri nel settore, grazie alla sua popolarit\u00e0 come destinazione turistica.ITA ha organizzato la sua partecipazione alla fiera in collaborazione con AICA &#8211; &#8220;Confindustria&#8221; Hotels, con la quale ha instaurato negli anni una solida relazione basata su ruoli complementari in un&#8217;ottica sistemica. La presenza istituzionale italiana occuper\u00e0 uno spazio di circa 50 metri quadrati con un&#8217;area open space dotata di lounge, che consentir\u00e0 incontri tra operatori italiani e potenziali investitori. ITA Berlino, insieme al Berlin FDI Desk, sar\u00e0 presente all&#8217;evento in qualit\u00e0 di responsabile dell&#8217;iniziativa. Invitalia, partner del progetto, sar\u00e0 presente in fiera con una sintesi dell&#8217;offerta italiana, in linea con le caratteristiche dell&#8217;iniziativa.<\/p>\n<p>E&#8217; in programma dalle 10:00 alle 10:45 (Schoneberg I, II, III), la tavola rotonda &#8220;Destination Spotlight: Italy&#8221; per scoprire il fiorente mercato alberghiero italiano: un hub di crescita europeo chiave che attrae marchi e investitori internazionali, trainato dalla crescita del turismo e dal recente successo olimpico, e che offre opportunit\u00e0 di espansione senza pari. Dalle ore 12:00, il dibattito &#8220;Investire nelle destinazioni: costruire partnership per la crescita&#8221; sar\u00e0 anche l&#8217;occasione per esplorare le opportunit\u00e0 delle destinazioni ricettive emergenti e in forte crescita.<\/p>\n","protected":false},"excerpt":{"rendered":"<p>L&#8217;Agenzia ICE, nell&#8217;ambito del progetto Invest in Italy (ICE, Invitalia, Ministero degli Affari Esteri, Ministero delle Imprese e Made in Italy), parteciper\u00e0 per l&#8217;anno 2026 all&#8217;International Hospitality Investment Forum (IHIF) di Berlino, dal 23 al 25 marzo. Si tratta di un&#8217;importante iniziativa annuale, dedicata al settore immobiliare stagionale, e in particolare riservata alla presentazione delle [&hellip;]<\/p>\n","protected":false},"author":3712,"featured_media":0,"parent":0,"menu_order":0,"comment_status":"closed","ping_status":"closed","template":"tpl-progetto-2.php","meta":[],"acf":[],"yoast_head":"<!-- This site is optimized with the Yoast SEO plugin v19.0 - https:\/\/yoast.com\/wordpress\/plugins\/seo\/ -->\n<title>IHIF 2026 - Dettagli - ICE - Italian Trade Agency<\/title>\n<meta name=\"robots\" content=\"index, follow, max-snippet:-1, max-image-preview:large, max-video-preview:-1\" \/>\n<link rel=\"canonical\" href=\"https:\/\/www.investinitalyrealestate.com\/it\/ihif-2026\/\" \/>\n<meta property=\"og:locale\" content=\"it_IT\" \/>\n<meta property=\"og:type\" content=\"article\" \/>\n<meta property=\"og:title\" content=\"IHIF 2026 - Dettagli - ICE - Italian Trade Agency\" \/>\n<meta property=\"og:description\" content=\"L&#8217;Agenzia ICE, nell&#8217;ambito del progetto Invest in Italy (ICE, Invitalia, Ministero degli Affari Esteri, Ministero delle Imprese e Made in Italy), parteciper\u00e0 per l&#8217;anno 2026 all&#8217;International Hospitality Investment Forum (IHIF) di Berlino, dal 23 al 25 marzo. Si tratta di un&#8217;importante iniziativa annuale, dedicata al settore immobiliare stagionale, e in particolare riservata alla presentazione delle [&hellip;]\" \/>\n<meta property=\"og:url\" content=\"https:\/\/www.investinitalyrealestate.com\/it\/ihif-2026\/\" \/>\n<meta property=\"og:site_name\" content=\"ICE - Italian Trade Agency\" \/>\n<meta property=\"article:modified_time\" content=\"2026-03-26T14:09:29+00:00\" \/>\n<meta property=\"og:image\" content=\"http:\/\/www.investinitalyrealestate.com\/wp-content\/uploads\/2024\/04\/IHIF-FFFF-e1713196494256.jpg\" \/>\n<meta name=\"twitter:card\" content=\"summary\" \/>\n<meta name=\"twitter:label1\" content=\"Tempo di lettura stimato\" \/>\n\t<meta name=\"twitter:data1\" content=\"1 minuto\" \/>\n<script type=\"application\/ld+json\" class=\"yoast-schema-graph\">{\"@context\":\"https:\/\/schema.org\",\"@graph\":[{\"@type\":\"WebSite\",\"@id\":\"https:\/\/www.investinitalyrealestate.com\/it\/#website\",\"url\":\"https:\/\/www.investinitalyrealestate.com\/it\/\",\"name\":\"ICE - Italian Trade Agency\",\"description\":\"Piattaforma per la vendita degli immobili pubblici Italiani\",\"potentialAction\":[{\"@type\":\"SearchAction\",\"target\":{\"@type\":\"EntryPoint\",\"urlTemplate\":\"https:\/\/www.investinitalyrealestate.com\/it\/?s={search_term_string}\"},\"query-input\":\"required name=search_term_string\"}],\"inLanguage\":\"it-IT\"},{\"@type\":\"ImageObject\",\"inLanguage\":\"it-IT\",\"@id\":\"https:\/\/www.investinitalyrealestate.com\/it\/ihif-2026\/#primaryimage\",\"url\":\"https:\/\/www.investinitalyrealestate.com\/wp-content\/uploads\/2024\/04\/IHIF-FFFF-e1713196494256.jpg\",\"contentUrl\":\"https:\/\/www.investinitalyrealestate.com\/wp-content\/uploads\/2024\/04\/IHIF-FFFF-e1713196494256.jpg\",\"width\":294,\"height\":132},{\"@type\":\"WebPage\",\"@id\":\"https:\/\/www.investinitalyrealestate.com\/it\/ihif-2026\/#webpage\",\"url\":\"https:\/\/www.investinitalyrealestate.com\/it\/ihif-2026\/\",\"name\":\"IHIF 2026 - Dettagli - ICE - Italian Trade Agency\",\"isPartOf\":{\"@id\":\"https:\/\/www.investinitalyrealestate.com\/it\/#website\"},\"primaryImageOfPage\":{\"@id\":\"https:\/\/www.investinitalyrealestate.com\/it\/ihif-2026\/#primaryimage\"},\"datePublished\":\"2026-01-30T09:55:39+00:00\",\"dateModified\":\"2026-03-26T14:09:29+00:00\",\"breadcrumb\":{\"@id\":\"https:\/\/www.investinitalyrealestate.com\/it\/ihif-2026\/#breadcrumb\"},\"inLanguage\":\"it-IT\",\"potentialAction\":[{\"@type\":\"ReadAction\",\"target\":[\"https:\/\/www.investinitalyrealestate.com\/it\/ihif-2026\/\"]}]},{\"@type\":\"BreadcrumbList\",\"@id\":\"https:\/\/www.investinitalyrealestate.com\/it\/ihif-2026\/#breadcrumb\",\"itemListElement\":[{\"@type\":\"ListItem\",\"position\":1,\"name\":\"Home\",\"item\":\"https:\/\/www.investinitalyrealestate.com\/it\/\"},{\"@type\":\"ListItem\",\"position\":2,\"name\":\"IHIF 2026 &#8211; Dettagli\"}]}]}<\/script>\n<!-- \/ Yoast SEO plugin. -->","yoast_head_json":{"title":"IHIF 2026 - Dettagli - ICE - Italian Trade Agency","robots":{"index":"index","follow":"follow","max-snippet":"max-snippet:-1","max-image-preview":"max-image-preview:large","max-video-preview":"max-video-preview:-1"},"canonical":"https:\/\/www.investinitalyrealestate.com\/it\/ihif-2026\/","og_locale":"it_IT","og_type":"article","og_title":"IHIF 2026 - Dettagli - ICE - Italian Trade Agency","og_description":"L&#8217;Agenzia ICE, nell&#8217;ambito del progetto Invest in Italy (ICE, Invitalia, Ministero degli Affari Esteri, Ministero delle Imprese e Made in Italy), parteciper\u00e0 per l&#8217;anno 2026 all&#8217;International Hospitality Investment Forum (IHIF) di Berlino, dal 23 al 25 marzo. Si tratta di un&#8217;importante iniziativa annuale, dedicata al settore immobiliare stagionale, e in particolare riservata alla presentazione delle [&hellip;]","og_url":"https:\/\/www.investinitalyrealestate.com\/it\/ihif-2026\/","og_site_name":"ICE - Italian Trade Agency","article_modified_time":"2026-03-26T14:09:29+00:00","og_image":[{"url":"http:\/\/www.investinitalyrealestate.com\/wp-content\/uploads\/2024\/04\/IHIF-FFFF-e1713196494256.jpg"}],"twitter_card":"summary","twitter_misc":{"Tempo di lettura stimato":"1 minuto"},"schema":{"@context":"https:\/\/schema.org","@graph":[{"@type":"WebSite","@id":"https:\/\/www.investinitalyrealestate.com\/it\/#website","url":"https:\/\/www.investinitalyrealestate.com\/it\/","name":"ICE - Italian Trade Agency","description":"Piattaforma per la vendita degli immobili pubblici Italiani","potentialAction":[{"@type":"SearchAction","target":{"@type":"EntryPoint","urlTemplate":"https:\/\/www.investinitalyrealestate.com\/it\/?s={search_term_string}"},"query-input":"required name=search_term_string"}],"inLanguage":"it-IT"},{"@type":"ImageObject","inLanguage":"it-IT","@id":"https:\/\/www.investinitalyrealestate.com\/it\/ihif-2026\/#primaryimage","url":"https:\/\/www.investinitalyrealestate.com\/wp-content\/uploads\/2024\/04\/IHIF-FFFF-e1713196494256.jpg","contentUrl":"https:\/\/www.investinitalyrealestate.com\/wp-content\/uploads\/2024\/04\/IHIF-FFFF-e1713196494256.jpg","width":294,"height":132},{"@type":"WebPage","@id":"https:\/\/www.investinitalyrealestate.com\/it\/ihif-2026\/#webpage","url":"https:\/\/www.investinitalyrealestate.com\/it\/ihif-2026\/","name":"IHIF 2026 - Dettagli - ICE - Italian Trade Agency","isPartOf":{"@id":"https:\/\/www.investinitalyrealestate.com\/it\/#website"},"primaryImageOfPage":{"@id":"https:\/\/www.investinitalyrealestate.com\/it\/ihif-2026\/#primaryimage"},"datePublished":"2026-01-30T09:55:39+00:00","dateModified":"2026-03-26T14:09:29+00:00","breadcrumb":{"@id":"https:\/\/www.investinitalyrealestate.com\/it\/ihif-2026\/#breadcrumb"},"inLanguage":"it-IT","potentialAction":[{"@type":"ReadAction","target":["https:\/\/www.investinitalyrealestate.com\/it\/ihif-2026\/"]}]},{"@type":"BreadcrumbList","@id":"https:\/\/www.investinitalyrealestate.com\/it\/ihif-2026\/#breadcrumb","itemListElement":[{"@type":"ListItem","position":1,"name":"Home","item":"https:\/\/www.investinitalyrealestate.com\/it\/"},{"@type":"ListItem","position":2,"name":"IHIF 2026 &#8211; Dettagli"}]}]}},"wpml_current_locale":"it_IT","wpml_translations":[],"_links":{"self":[{"href":"https:\/\/www.investinitalyrealestate.com\/it\/wp-json\/wp\/v2\/pages\/67307"}],"collection":[{"href":"https:\/\/www.investinitalyrealestate.com\/it\/wp-json\/wp\/v2\/pages"}],"about":[{"href":"https:\/\/www.investinitalyrealestate.com\/it\/wp-json\/wp\/v2\/types\/page"}],"author":[{"embeddable":true,"href":"https:\/\/www.investinitalyrealestate.com\/it\/wp-json\/wp\/v2\/users\/3712"}],"replies":[{"embeddable":true,"href":"https:\/\/www.investinitalyrealestate.com\/it\/wp-json\/wp\/v2\/comments?post=67307"}],"version-history":[{"count":6,"href":"https:\/\/www.investinitalyrealestate.com\/it\/wp-json\/wp\/v2\/pages\/67307\/revisions"}],"predecessor-version":[{"id":70179,"href":"https:\/\/www.investinitalyrealestate.com\/it\/wp-json\/wp\/v2\/pages\/67307\/revisions\/70179"}],"wp:attachment":[{"href":"https:\/\/www.investinitalyrealestate.com\/it\/wp-json\/wp\/v2\/media?parent=67307"}],"curies":[{"name":"wp","href":"https:\/\/api.w.org\/{rel}","templated":true}]}}